{"id":3029,"date":"2022-05-24T10:21:41","date_gmt":"2022-05-24T08:21:41","guid":{"rendered":"https:\/\/bortziriak.eus\/?page_id=3029"},"modified":"2026-02-09T15:24:16","modified_gmt":"2026-02-09T13:24:16","slug":"inicio","status":"publish","type":"page","link":"https:\/\/bortziriak.eus\/es\/","title":{"rendered":"Inicio"},"content":{"rendered":"<section class=\"l-section wpb_row us_custom_489b8e4f us_animate_this height_auto\"><div class=\"l-section-h i-cf\"><div class=\"g-cols vc_row via_flex valign_top type_default stacking_default\"><div class=\"vc_col-sm-12 wpb_column vc_column_container\"><div class=\"vc_column-inner\"><div class=\"wpb_wrapper\">[vc_raw_html css=\u00bb%7B%22default%22%3A%7B%22margin-top%22%3A%222rem%22%7D%2C%22tablets%22%3A%7B%22margin-top%22%3A%221rem%22%7D%2C%22mobiles%22%3A%7B%22margin-top%22%3A%221rem%22%7D%7D\u00bb]JTVCcmV2X3NsaWRlciUyMGFsaWFzJTNEJTIyYWxiaXN0ZWFrJTIyJTVEJTVCJTJGcmV2X3NsaWRlciU1RA==[\/vc_raw_html]<\/div><\/div><\/div><\/div><\/div><\/section><section class=\"l-section wpb_row us_custom_c10c354e height_auto\"><div class=\"l-section-h i-cf\"><div class=\"g-cols vc_row via_flex valign_top type_default stacking_default\"><div class=\"vc_col-sm-12 wpb_column vc_column_container\"><div class=\"vc_column-inner\"><div class=\"wpb_wrapper\"><div class=\"w-hwrapper enlaces-portada valign_bottom wrap align_left\" style=\"--hwrapper-gap:0.2rem\"><div class=\"w-image us_custom_53d8a477 banner-irudia us_animate_this align_none\"><a title=\"Egoitza elektronikoa\" href=\"https:\/\/mbortziriak.sedipualba.es\/\" aria-label=\"egoitza elektronikoa\" class=\"w-image-h\"><img decoding=\"async\" width=\"215\" height=\"178\" src=\"https:\/\/bortziriak.eus\/wp-content\/uploads\/2022\/05\/Grupo-5948.png\" class=\"attachment-full size-full\" alt=\"\" loading=\"lazy\" \/><\/a><\/div><div class=\"w-image us_custom_054c1081 banner-marra us_animate_this align_none\"><a title=\"Hornitzaileen fakturazioa\" href=\"https:\/\/face.gob.es\/es\/facturas\/acceder-factura\" aria-label=\"hornitzaileen-fakturazioa\" class=\"w-image-h\"><img decoding=\"async\" width=\"215\" height=\"178\" src=\"https:\/\/bortziriak.eus\/wp-content\/uploads\/2022\/05\/Grupo-5949.png\" class=\"attachment-full size-full\" alt=\"\" loading=\"lazy\" \/><\/a><\/div><div class=\"w-image us_custom_9843f1f7 herrian-erosi us_animate_this align_none\"><a title=\"herrian-erosi\" href=\"http:\/\/bortziriak.eus\/egitasmoak\/herrian-erosi\/\" aria-label=\"Grupo 5951\" class=\"w-image-h\"><img decoding=\"async\" width=\"217\" height=\"178\" src=\"https:\/\/bortziriak.eus\/wp-content\/uploads\/2022\/05\/Grupo-5951.png\" class=\"attachment-full size-full\" alt=\"\" loading=\"lazy\" \/><\/a><\/div><div class=\"w-image us_custom_3e3764a9 banner-irudia us_animate_this align_none\"><div class=\"w-image-h\"><img decoding=\"async\" width=\"216\" height=\"179\" src=\"https:\/\/bortziriak.eus\/wp-content\/uploads\/2022\/05\/Grupo-5954.png\" class=\"attachment-full size-full\" alt=\"\" loading=\"lazy\" \/><\/div><\/div><div class=\"w-image us_custom_a33885df banner-irudia us_animate_this align_none\"><a title=\"elaide\" href=\"http:\/\/bortziriak.eus\/egitasmoak\/elaide\/\" aria-label=\"Grupo 5952\" class=\"w-image-h\"><img decoding=\"async\" width=\"216\" height=\"179\" src=\"https:\/\/bortziriak.eus\/wp-content\/uploads\/2022\/05\/Grupo-5952.png\" class=\"attachment-full size-full\" alt=\"\" loading=\"lazy\" \/><\/a><\/div><div class=\"w-image us_custom_df59a004 banner-irudia us_animate_this align_none\"><a title=\"ERA\" href=\"http:\/\/bortziriak.eus\/egitasmoak\/era\/\" aria-label=\"Grupo 5956\" class=\"w-image-h\"><img decoding=\"async\" width=\"216\" height=\"179\" src=\"https:\/\/bortziriak.eus\/wp-content\/uploads\/2022\/05\/Grupo-5956.png\" class=\"attachment-full size-full\" alt=\"\" loading=\"lazy\" \/><\/a><\/div><\/div><\/div><\/div><\/div><\/div><\/div><\/section><section class=\"l-section wpb_row us_custom_f0f0ddbc height_auto\"><div class=\"l-section-overlay\" style=\"background:#F2F2F2\"><\/div><div class=\"l-section-h i-cf\"><div class=\"g-cols vc_row via_flex valign_top type_default stacking_default\"><div class=\"vc_col-sm-12 wpb_column vc_column_container\"><div class=\"vc_column-inner us_custom_5da283a8\"><div class=\"wpb_wrapper\"><h1 class=\"w-text us_custom_ff3c91bc\"><span class=\"w-text-h\"><span class=\"w-text-value\">\u00daltimas noticias:<\/span><\/span><\/h1><div class=\"w-grid us_grid us_custom_65f1203d us_animate_this type_grid layout_35 cols_3 preload_style_spinner\" id=\"us_grid_1\" style=\"--columns:3;--gap:1.4rem;\" data-filterable=\"true\"><style>@media (max-width:1280px){#us_grid_1{--columns:2!important}}@media (max-width:1024px){#us_grid_1{--columns:2!important}}@media (max-width:699px){#us_grid_1{--columns:1!important}}.layout_35 .w-grid-item-h{}.layout_35 .usg_post_image_1{transition-duration:0.3s;transform-origin:50% 50%;transform:scale(1) translate(0%,0%)}.layout_35 .w-grid-item-h:focus-within .usg_post_image_1,.layout_35 .w-grid-item-h:hover .usg_post_image_1{transform:scale(1.02) translate(0%,0%);opacity:0.75}.layout_35 .usg_vwrapper_1{transition-duration:0.5s;transform-origin:50% 50%;transform:scale(1) translate(0%,0%)}.layout_35 .w-grid-item-h:focus-within .usg_vwrapper_1,.layout_35 .w-grid-item-h:hover .usg_vwrapper_1{transform:scale(1) translate(0%,0%);opacity:1}.layout_35 .usg_post_image_1{margin-top:3.5rem!important;padding-top:0!important;left:0!important;top:0!important;bottom:0!important;right:0!important}.layout_35 .usg_post_title_1{color:#333333!important;text-align:left!important;font-size:22px!important;line-height:24px!important;font-weight:600!important;width:100%!important;max-width:100%!important;min-width:100%!important;min-height:100px!important;margin-left:auto!important;margin-right:auto!important;position:absolute!important;top:0!important;z-index:30!important;padding:1em!important;background:#ffffff!important}.layout_35 .usg_post_date_1{color:#ffffff!important;text-align:center!important;font-size:14px!important;width:100px!important;height:28px!important;max-width:100px!important;max-height:28px!important;min-width:100px!important;min-height:28px!important;position:absolute!important;top:-20px!important;right:0%!important;z-index:50!important;background:#bd214c!important}.layout_35 .usg_vwrapper_1{color:var(--color-content-heading)!important;width:95%!important;max-width:95%!important;min-width:95%!important;padding-top:0.5rem!important;padding-right:0!important;left:0!important;top:0!important;bottom:0!important;right:0!important;z-index:25!important;background:var(--color-header-transparent-bg)!important;margin:-4rem auto 2rem auto!important}@media (min-width:1025px) and (max-width:1280px){.layout_35 .usg_post_title_1{text-align:inherit!important}.layout_35 .usg_vwrapper_1{margin-top:-2rem!important;margin-bottom:8rem!important;padding-top:0.5rem!important;padding-right:1rem!important}}@media (min-width:761px) and (max-width:1024px){.layout_35 .usg_post_title_1{text-align:inherit!important;font-size:18px!important;line-height:22px!important}.layout_35 .usg_vwrapper_1{margin-top:-5rem!important;margin-bottom:3rem!important;padding-top:0.5rem!important;padding-right:1rem!important}}@media (max-width:760px){.layout_35 .usg_post_title_1{text-align:inherit!important;font-size:1.2rem!important}.layout_35 .usg_vwrapper_1{margin-top:-3.5rem!important;margin-bottom:3rem!important;padding-top:0.5rem!important;padding-right:1rem!important}}<\/style><div class=\"w-grid-list\">\t<article class=\"w-grid-item size_1x1 post-9689 post type-post status-publish format-standard has-post-thumbnail hentry category-albisteak-es category-albisteak-albisteak-es\" data-id=\"9689\">\r\n\t\t<div class=\"w-grid-item-h\">\r\n\t\t\t\t\t\t<div class=\"w-post-elm post_image usg_post_image_1 has_ratio\"><a href=\"https:\/\/bortziriak.eus\/es\/2026\/03\/27\/declaracion-del-grupo-de-diversidad-contra-el-racismo-y-presentacion-de-la-jornada\/\" aria-label=\"Declaraci\u00f3n contra el racismo y presentaci\u00f3n de la jornada de la diversidad\"><img loading=\"lazy\" decoding=\"async\" width=\"408\" height=\"230\" src=\"https:\/\/bortziriak.eus\/wp-content\/uploads\/2026\/03\/Aniztasun-taldea-408x230.png\" class=\"attachment-medium size-medium wp-post-image\" alt=\"\" \/><\/a><div style=\"padding-bottom:80%\"><\/div><\/div><div class=\"w-vwrapper usg_vwrapper_1 info has_text_color align_center valign_top\"><time class=\"w-post-elm post_date usg_post_date_1 data-albiste has_text_color entry-date published\" datetime=\"2026-03-27T16:00:35+02:00\">2026-03-27<\/time><h2 class=\"w-post-elm post_title usg_post_title_1 albiste-h2 has_text_color entry-title color_link_inherit\"><a href=\"https:\/\/bortziriak.eus\/es\/2026\/03\/27\/declaracion-del-grupo-de-diversidad-contra-el-racismo-y-presentacion-de-la-jornada\/\">Declaraci\u00f3n contra el racismo y presentaci\u00f3n de la jornada de la diversidad<\/a><\/h2><\/div>\t\t<\/div>\r\n\t\t\t<\/article>\r\n\t<article class=\"w-grid-item size_1x1 post-9453 post type-post status-publish format-standard has-post-thumbnail hentry category-albisteak-albisteak-es category-albisteak-es\" data-id=\"9453\">\r\n\t\t<div class=\"w-grid-item-h\">\r\n\t\t\t\t\t\t<div class=\"w-post-elm post_image usg_post_image_1 has_ratio\"><a href=\"https:\/\/bortziriak.eus\/es\/2026\/01\/28\/abierto-el-segundo-plazo-de-inscripcion-en-el-euskaltegi-2\/\" aria-label=\"Abierto el segundo plazo de inscripci\u00f3n en el euskaltegi\"><img loading=\"lazy\" decoding=\"async\" width=\"408\" height=\"206\" src=\"https:\/\/bortziriak.eus\/wp-content\/uploads\/2022\/07\/Matxinbeltzenea-1024x516-1-408x206.jpg\" class=\"attachment-medium size-medium wp-post-image\" alt=\"\" \/><\/a><div style=\"padding-bottom:80%\"><\/div><\/div><div class=\"w-vwrapper usg_vwrapper_1 info has_text_color align_center valign_top\"><time class=\"w-post-elm post_date usg_post_date_1 data-albiste has_text_color entry-date published\" datetime=\"2026-01-28T15:35:22+02:00\">2026-01-28<\/time><h2 class=\"w-post-elm post_title usg_post_title_1 albiste-h2 has_text_color entry-title color_link_inherit\"><a href=\"https:\/\/bortziriak.eus\/es\/2026\/01\/28\/abierto-el-segundo-plazo-de-inscripcion-en-el-euskaltegi-2\/\">Abierto el segundo plazo de inscripci\u00f3n en el euskaltegi<\/a><\/h2><\/div>\t\t<\/div>\r\n\t\t\t<\/article>\r\n\t<article class=\"w-grid-item size_1x1 post-9344 post type-post status-publish format-standard has-post-thumbnail hentry category-albisteak-albisteak-es category-albisteak-es\" data-id=\"9344\">\r\n\t\t<div class=\"w-grid-item-h\">\r\n\t\t\t\t\t\t<div class=\"w-post-elm post_image usg_post_image_1 has_ratio\"><a href=\"https:\/\/bortziriak.eus\/es\/2025\/11\/10\/se-han-concedido-las-subvenciones-para-aprender-euskera-correspondientes-al-primer-plazo\/\" aria-label=\"Se han concedido las subvenciones para aprender euskera\"><img loading=\"lazy\" decoding=\"async\" width=\"408\" height=\"408\" src=\"https:\/\/bortziriak.eus\/wp-content\/uploads\/2025\/07\/Euskara-ikasleak-web-408x408.png\" class=\"attachment-medium size-medium wp-post-image\" alt=\"\" \/><\/a><div style=\"padding-bottom:80%\"><\/div><\/div><div class=\"w-vwrapper usg_vwrapper_1 info has_text_color align_center valign_top\"><time class=\"w-post-elm post_date usg_post_date_1 data-albiste has_text_color entry-date published\" datetime=\"2025-11-10T09:50:57+02:00\">2025-11-10<\/time><h2 class=\"w-post-elm post_title usg_post_title_1 albiste-h2 has_text_color entry-title color_link_inherit\"><a href=\"https:\/\/bortziriak.eus\/es\/2025\/11\/10\/se-han-concedido-las-subvenciones-para-aprender-euskera-correspondientes-al-primer-plazo\/\">Se han concedido las subvenciones para aprender euskera<\/a><\/h2><\/div>\t\t<\/div>\r\n\t\t\t<\/article>\r\n\t<article class=\"w-grid-item size_1x1 post-9231 post type-post status-publish format-standard has-post-thumbnail hentry category-albisteak-es category-albisteak-albisteak-es\" data-id=\"9231\">\r\n\t\t<div class=\"w-grid-item-h\">\r\n\t\t\t\t\t\t<div class=\"w-post-elm post_image usg_post_image_1 has_ratio\"><a href=\"https:\/\/bortziriak.eus\/es\/2025\/09\/17\/han-presentado-la-campana-de-euskaldunizacion-de-personas-adultas\/\" aria-label=\"Han presentado la campa\u00f1a de euskaldunizaci\u00f3n de personas adultas\"><img loading=\"lazy\" decoding=\"async\" width=\"408\" height=\"306\" src=\"https:\/\/bortziriak.eus\/wp-content\/uploads\/2025\/09\/IMG_6517-408x306.jpg\" class=\"attachment-medium size-medium wp-post-image\" alt=\"\" \/><\/a><div style=\"padding-bottom:80%\"><\/div><\/div><div class=\"w-vwrapper usg_vwrapper_1 info has_text_color align_center valign_top\"><time class=\"w-post-elm post_date usg_post_date_1 data-albiste has_text_color entry-date published\" datetime=\"2025-09-17T09:56:23+02:00\">2025-09-17<\/time><h2 class=\"w-post-elm post_title usg_post_title_1 albiste-h2 has_text_color entry-title color_link_inherit\"><a href=\"https:\/\/bortziriak.eus\/es\/2025\/09\/17\/han-presentado-la-campana-de-euskaldunizacion-de-personas-adultas\/\">Han presentado la campa\u00f1a de euskaldunizaci\u00f3n de personas adultas<\/a><\/h2><\/div>\t\t<\/div>\r\n\t\t\t<\/article>\r\n\t<article class=\"w-grid-item size_1x1 post-9126 post type-post status-publish format-standard has-post-thumbnail hentry category-albisteak category-albisteak-albisteak\" data-id=\"9126\">\r\n\t\t<div class=\"w-grid-item-h\">\r\n\t\t\t\t\t\t<div class=\"w-post-elm post_image usg_post_image_1 has_ratio\"><a href=\"https:\/\/bortziriak.eus\/es\/2025\/09\/01\/subvencion-del-100-para-aprender-euskera-en-bortziriak\/\" aria-label=\"Subvenci\u00f3n del 100% para aprender euskera en Bortziriak\"><img loading=\"lazy\" decoding=\"async\" width=\"400\" height=\"400\" src=\"https:\/\/bortziriak.eus\/wp-content\/uploads\/2025\/08\/Euskara-ikasleak.jpeg\" class=\"attachment-medium size-medium wp-post-image\" alt=\"\" \/><\/a><div style=\"padding-bottom:80%\"><\/div><\/div><div class=\"w-vwrapper usg_vwrapper_1 info has_text_color align_center valign_top\"><time class=\"w-post-elm post_date usg_post_date_1 data-albiste has_text_color entry-date published\" datetime=\"2025-09-01T09:00:07+02:00\">2025-09-01<\/time><h2 class=\"w-post-elm post_title usg_post_title_1 albiste-h2 has_text_color entry-title color_link_inherit\"><a href=\"https:\/\/bortziriak.eus\/es\/2025\/09\/01\/subvencion-del-100-para-aprender-euskera-en-bortziriak\/\">Subvenci\u00f3n del 100% para aprender euskera en Bortziriak<\/a><\/h2><\/div>\t\t<\/div>\r\n\t\t\t<\/article>\r\n\t<article class=\"w-grid-item size_1x1 post-9145 post type-post status-publish format-standard has-post-thumbnail hentry category-albisteak category-albisteak-albisteak\" data-id=\"9145\">\r\n\t\t<div class=\"w-grid-item-h\">\r\n\t\t\t\t\t\t<div class=\"w-post-elm post_image usg_post_image_1 has_ratio\"><a href=\"https:\/\/bortziriak.eus\/es\/2025\/08\/11\/se-han-concedido-las-subvenciones-para-el-alumnado-de-euskera-del-curso-2024-2025\/\" aria-label=\"Se han concedido las subvenciones para el alumnado de euskera del curso 2024-2025\"><img loading=\"lazy\" decoding=\"async\" width=\"408\" height=\"408\" src=\"https:\/\/bortziriak.eus\/wp-content\/uploads\/2024\/12\/Euskara-ikasleak-24-25-dlg--408x408.png\" class=\"attachment-medium size-medium wp-post-image\" alt=\"\" \/><\/a><div style=\"padding-bottom:80%\"><\/div><\/div><div class=\"w-vwrapper usg_vwrapper_1 info has_text_color align_center valign_top\"><time class=\"w-post-elm post_date usg_post_date_1 data-albiste has_text_color entry-date published\" datetime=\"2025-08-11T09:00:14+02:00\">2025-08-11<\/time><h2 class=\"w-post-elm post_title usg_post_title_1 albiste-h2 has_text_color entry-title color_link_inherit\"><a href=\"https:\/\/bortziriak.eus\/es\/2025\/08\/11\/se-han-concedido-las-subvenciones-para-el-alumnado-de-euskera-del-curso-2024-2025\/\">Se han concedido las subvenciones para el alumnado de euskera del curso 2024-2025<\/a><\/h2><\/div>\t\t<\/div>\r\n\t\t\t<\/article>\r\n\t<article class=\"w-grid-item size_1x1 post-8909 post type-post status-publish format-standard has-post-thumbnail hentry category-albisteak-albisteak-es category-albisteak-es\" data-id=\"8909\">\r\n\t\t<div class=\"w-grid-item-h\">\r\n\t\t\t\t\t\t<div class=\"w-post-elm post_image usg_post_image_1 has_ratio\"><a href=\"https:\/\/bortziriak.eus\/es\/2025\/05\/09\/todo-listo-para-las-jornadas-de-diversidad-linguistica-y-cultural-de-bortziriak\/\" aria-label=\"Todo listo para las jornadas de diversidad ling\u00fc\u00edstica y cultural de Bortziriak\"><img loading=\"lazy\" decoding=\"async\" width=\"408\" height=\"408\" src=\"https:\/\/bortziriak.eus\/wp-content\/uploads\/2025\/05\/Migrantas-408x408.jpg\" class=\"attachment-medium size-medium wp-post-image\" alt=\"\" \/><\/a><div style=\"padding-bottom:80%\"><\/div><\/div><div class=\"w-vwrapper usg_vwrapper_1 info has_text_color align_center valign_top\"><time class=\"w-post-elm post_date usg_post_date_1 data-albiste has_text_color entry-date published\" datetime=\"2025-05-09T14:55:48+02:00\">2025-05-09<\/time><h2 class=\"w-post-elm post_title usg_post_title_1 albiste-h2 has_text_color entry-title color_link_inherit\"><a href=\"https:\/\/bortziriak.eus\/es\/2025\/05\/09\/todo-listo-para-las-jornadas-de-diversidad-linguistica-y-cultural-de-bortziriak\/\">Todo listo para las jornadas de diversidad ling\u00fc\u00edstica y cultural de Bortziriak<\/a><\/h2><\/div>\t\t<\/div>\r\n\t\t\t<\/article>\r\n\t<article class=\"w-grid-item size_1x1 post-8918 post type-post status-publish format-standard has-post-thumbnail hentry category-albisteak-es category-albisteak-albisteak-es\" data-id=\"8918\">\r\n\t\t<div class=\"w-grid-item-h\">\r\n\t\t\t\t\t\t<div class=\"w-post-elm post_image usg_post_image_1 has_ratio\"><a href=\"https:\/\/bortziriak.eus\/es\/2025\/05\/06\/recien-finalizado-el-curso-basico-de-euskera-para-personal-de-hosteleria\/\" aria-label=\"Reci\u00e9n finalizado el curso b\u00e1sico de euskera para personal de hosteler\u00eda\"><img loading=\"lazy\" decoding=\"async\" width=\"408\" height=\"306\" src=\"https:\/\/bortziriak.eus\/wp-content\/uploads\/2025\/05\/12-408x306.jpg\" class=\"attachment-medium size-medium wp-post-image\" alt=\"\" \/><\/a><div style=\"padding-bottom:80%\"><\/div><\/div><div class=\"w-vwrapper usg_vwrapper_1 info has_text_color align_center valign_top\"><time class=\"w-post-elm post_date usg_post_date_1 data-albiste has_text_color entry-date published\" datetime=\"2025-05-06T14:16:35+02:00\">2025-05-06<\/time><h2 class=\"w-post-elm post_title usg_post_title_1 albiste-h2 has_text_color entry-title color_link_inherit\"><a href=\"https:\/\/bortziriak.eus\/es\/2025\/05\/06\/recien-finalizado-el-curso-basico-de-euskera-para-personal-de-hosteleria\/\">Reci\u00e9n finalizado el curso b\u00e1sico de euskera para personal de hosteler\u00eda<\/a><\/h2><\/div>\t\t<\/div>\r\n\t\t\t<\/article>\r\n\t<article class=\"w-grid-item size_1x1 post-8855 post type-post status-publish format-standard has-post-thumbnail hentry category-albisteak-albisteak-es category-albisteak-es\" data-id=\"8855\">\r\n\t\t<div class=\"w-grid-item-h\">\r\n\t\t\t\t\t\t<div class=\"w-post-elm post_image usg_post_image_1 has_ratio\"><a href=\"https:\/\/bortziriak.eus\/es\/2025\/04\/23\/herritar-eta-eragileekin-parte-hartze-prozesua-akabatzear\/\" aria-label=\"Herritar eta eragileekin parte hartze prozesua akabatzear\"><img loading=\"lazy\" decoding=\"async\" width=\"408\" height=\"184\" src=\"https:\/\/bortziriak.eus\/wp-content\/uploads\/2025\/04\/IMG20250405140217-ttiki-408x184.jpg\" class=\"attachment-medium size-medium wp-post-image\" alt=\"\" \/><\/a><div style=\"padding-bottom:80%\"><\/div><\/div><div class=\"w-vwrapper usg_vwrapper_1 info has_text_color align_center valign_top\"><time class=\"w-post-elm post_date usg_post_date_1 data-albiste has_text_color entry-date published\" datetime=\"2025-04-23T14:44:38+02:00\">2025-04-23<\/time><h2 class=\"w-post-elm post_title usg_post_title_1 albiste-h2 has_text_color entry-title color_link_inherit\"><a href=\"https:\/\/bortziriak.eus\/es\/2025\/04\/23\/herritar-eta-eragileekin-parte-hartze-prozesua-akabatzear\/\">Herritar eta eragileekin parte hartze prozesua akabatzear<\/a><\/h2><\/div>\t\t<\/div>\r\n\t\t\t<\/article>\r\n<\/div>\t<div class=\"w-grid-preloader\">\r\n\t\t<div class=\"g-preloader type_3\">\r\n\t\t\t<div><\/div>\r\n\t\t<\/div>\r\n\t<\/div>\r\n\t\t<div class=\"w-grid-json hidden\" onclick='return {&quot;action&quot;:&quot;us_ajax_grid&quot;,&quot;infinite_scroll&quot;:0,&quot;max_num_pages&quot;:4,&quot;pagination&quot;:&quot;none&quot;,&quot;template_vars&quot;:{&quot;columns&quot;:&quot;3&quot;,&quot;exclude_items&quot;:&quot;none&quot;,&quot;img_size&quot;:&quot;medium&quot;,&quot;ignore_items_size&quot;:0,&quot;items_layout&quot;:&quot;35&quot;,&quot;items_offset&quot;:&quot;1&quot;,&quot;load_animation&quot;:&quot;none&quot;,&quot;overriding_link&quot;:&quot;{\\&quot;url\\&quot;:\\&quot;\\&quot;}&quot;,&quot;post_id&quot;:0,&quot;query_args&quot;:{&quot;post_type&quot;:[&quot;post&quot;],&quot;post_status&quot;:[&quot;publish&quot;,&quot;acf-disabled&quot;],&quot;posts_per_page&quot;:&quot;9&quot;},&quot;orderby_query_args&quot;:{&quot;orderby&quot;:{&quot;date&quot;:&quot;DESC&quot;}},&quot;type&quot;:&quot;grid&quot;,&quot;us_grid_post_type&quot;:&quot;post&quot;,&quot;us_grid_ajax_index&quot;:1,&quot;us_grid_filter_query_string&quot;:null,&quot;us_grid_index&quot;:1,&quot;page_args&quot;:[],&quot;lang&quot;:&quot;es&quot;}}'><\/div>\r\n\t<\/div><div class=\"w-btn-wrapper align_center\"><a class=\"w-btn us-btn-style_1 us_custom_98818afa\" href=\"\/albisteak\"><span class=\"w-btn-label\">VER TODAS<\/span><\/a><\/div><\/div><\/div><\/div><\/div><\/div><\/section><section class=\"l-section wpb_row us_custom_6dca6dc9 height_auto width_full\"><div class=\"l-section-h i-cf\"><div class=\"g-cols vc_row via_flex valign_top type_default stacking_default\"><div class=\"vc_col-sm-12 wpb_column vc_column_container\"><div class=\"vc_column-inner\"><div class=\"wpb_wrapper\"><\/div><\/div><\/div><\/div><\/div><\/section>\n","protected":false},"excerpt":{"rendered":"Urte hasieran abiatu zuen mankomunitateak herritar eta eragileekin parte hartze prozesua, helburu duena 2026-2031 bitarteko plan estrategikorako oinarriak jartzea. Prozesu honek mugarri hauek izan ditu: Lehenik, herritar guziei aukera eman zitzaien galdetegi bat betetzeko. Bertan euskararekin duten lotura, zenbat eta noiz-non erabiltzen duten&#8230; galdetzen zitzaien, baita etorkizunean landu beharreko ildo eta erronkei buruz ere. Galdetegiari...","protected":false},"author":4,"featured_media":8187,"parent":0,"menu_order":0,"comment_status":"closed","ping_status":"closed","template":"","meta":{"_acf_changed":false,"footnotes":""},"class_list":["post-3029","page","type-page","status-publish","has-post-thumbnail","hentry"],"acf":[],"_links":{"self":[{"href":"https:\/\/bortziriak.eus\/es\/wp-json\/wp\/v2\/pages\/3029","targetHints":{"allow":["GET"]}}],"collection":[{"href":"https:\/\/bortziriak.eus\/es\/wp-json\/wp\/v2\/pages"}],"about":[{"href":"https:\/\/bortziriak.eus\/es\/wp-json\/wp\/v2\/types\/page"}],"author":[{"embeddable":true,"href":"https:\/\/bortziriak.eus\/es\/wp-json\/wp\/v2\/users\/4"}],"replies":[{"embeddable":true,"href":"https:\/\/bortziriak.eus\/es\/wp-json\/wp\/v2\/comments?post=3029"}],"version-history":[{"count":9,"href":"https:\/\/bortziriak.eus\/es\/wp-json\/wp\/v2\/pages\/3029\/revisions"}],"predecessor-version":[{"id":9492,"href":"https:\/\/bortziriak.eus\/es\/wp-json\/wp\/v2\/pages\/3029\/revisions\/9492"}],"wp:featuredmedia":[{"embeddable":true,"href":"https:\/\/bortziriak.eus\/es\/wp-json\/wp\/v2\/media\/8187"}],"wp:attachment":[{"href":"https:\/\/bortziriak.eus\/es\/wp-json\/wp\/v2\/media?parent=3029"}],"curies":[{"name":"wp","href":"https:\/\/api.w.org\/{rel}","templated":true}]}}