{"id":3038,"date":"2022-05-23T14:18:26","date_gmt":"2022-05-23T12:18:26","guid":{"rendered":"https:\/\/bortziriak.eus\/?page_id=3038"},"modified":"2023-03-14T08:26:47","modified_gmt":"2023-03-14T07:26:47","slug":"historia","status":"publish","type":"page","link":"https:\/\/bortziriak.eus\/es\/quienes-somos\/historia\/","title":{"rendered":"Historia"},"content":{"rendered":"<section class=\"l-section wpb_row us_custom_0ef58c11 height_auto\"><div class=\"l-section-h i-cf\"><div class=\"g-cols vc_row via_flex valign_top type_default stacking_default\"><div class=\"vc_col-sm-12 wpb_column vc_column_container\"><div class=\"vc_column-inner us_custom_e7f5d98a\"><div class=\"wpb_wrapper\"><div class=\"w-hwrapper valign_top wrap align_justify\" style=\"--hwrapper-gap:0rem\"><div class=\"w-vwrapper us_custom_51f36187 align_none valign_top\"><div class=\"wpb_text_column us_custom_b57b360f\"><div class=\"wpb_wrapper\"><h1>Historia<\/h1>\n<\/div><\/div><div class=\"wpb_text_column us_custom_67faaba7\"><div class=\"wpb_wrapper\"><p>La d\u00e9cada de los 80 fue testigo de un gran movimiento cultural y social en Bortziriak. De ese movimiento surgi\u00f3 la Comisi\u00f3n de Euskera de Bortziriak, cuyo fin era la creaci\u00f3n de una instituci\u00f3n que se ocupara de la normalizaci\u00f3n del euskera en la comarca.<\/p>\n<p>Despu\u00e9s de debatir la idea durante varios meses con los ayuntamientos de Arantza, Bera, Etxalar, Igantzi y Lesaka, acordaron crear la Mancomunidad de Euskera de Bortziriak. Desde entonces, tanto en la idea inicial, como en la creaci\u00f3n y en el posterior desarrollo y decisiones de la mancomunidad, la aportaci\u00f3n y participaci\u00f3n del movimiento social en favor del euskera ha sido fundamental. Cabe destacar que tanto en la estructura como en las decisiones de la mancomunidad se da voz a ese movimiento social, a trav\u00e9s de la Comisi\u00f3n Asesora.<\/p>\n<\/div><\/div><\/div><div class=\"w-image us_custom_6e3ccc31 us_animate_this has_ratio align_none\"><div class=\"w-image-h\"><div style=\"padding-bottom:75%\"><\/div><img decoding=\"async\" width=\"2560\" height=\"1920\" src=\"https:\/\/bortziriak.eus\/wp-content\/uploads\/2022\/08\/P1060201-scaled.jpg\" class=\"attachment-full size-full\" alt=\"\" loading=\"lazy\" \/><\/div><\/div><\/div><\/div><\/div><\/div><\/div><\/div><\/section><section class=\"l-section wpb_row us_custom_1e99125f height_auto\"><div class=\"l-section-h i-cf\"><div class=\"g-cols vc_row via_flex valign_top type_default stacking_default\"><div class=\"vc_col-sm-12 wpb_column vc_column_container\"><div class=\"vc_column-inner us_custom_e7f5d98a\"><div class=\"wpb_wrapper\"><div class=\"w-hwrapper us_custom_de366d1c us_animate_this valign_top wrap align_left\" style=\"--hwrapper-gap:0\"><div class=\"w-vwrapper us_custom_62acd9e9 align_none valign_top\"><div class=\"wpb_text_column\"><div class=\"wpb_wrapper\"><h1>20 a\u00f1os de la Mancomunidad de Euskera de Bortziriak<\/h1>\n<\/div><\/div><div class=\"wpb_text_column us_custom_1f257949\"><div class=\"wpb_wrapper\"><p>Este audiovisual que fue realizado por algunos miembros de las comisiones de la mancomunidad con motivo de su 20 aniversario, recopila los testimonios de quienes participaron en su creaci\u00f3n y comienzos.<br \/>\n(Nota: El documental est\u00e1 en euskera).<\/p>\n<\/div><\/div><\/div><div class=\"w-video us_custom_950b497f align_none ratio_16x9 with_overlay has_iframe\" style=\"background-image:url(https:\/\/bortziriak.eus\/wp-content\/uploads\/2022\/12\/historia-bideoa.jpg);\" onclick=\"return {&quot;player_id&quot;:&quot;youtube-v3be&quot;,&quot;player_api&quot;:&quot;\\\/\\\/www.youtube.com\\\/player_api&quot;,&quot;player_html&quot;:&quot;&lt;div id=\\&quot;youtube-v3be\\&quot;&gt;&lt;\\\/div&gt;&lt;script&gt;\\r\\n\\t\\t\\twindow.USYTPlayers = ( window.USYTPlayers || { initYTFunctions: [], optionsYT: [], USYTInited: false } );\\r\\n\\t\\t\\twindow.USYTPlayers.optionsYT.push( {\\r\\n\\t\\t\\t\\tplayerID: \\&quot;youtube-v3be\\&quot;,\\r\\n\\t\\t\\t\\tvideoID: \\&quot;tJo1FUaePyI\\&quot;,\\r\\n\\t\\t\\t\\tplayerVars: {\\&quot;autoplay\\&quot;:1,\\&quot;controls\\&quot;:1,\\&quot;origin\\&quot;:\\&quot;https:\\\\\\\/\\\\\\\/bortziriak.eus\\\\\\\/es\\\\\\\/\\&quot;,\\&quot;loop\\&quot;:0,\\&quot;mute\\&quot;:0,\\&quot;playlist\\&quot;:\\&quot;tJo1FUaePyI\\&quot;}\\r\\n\\t\\t\\t} );\\r\\n\\t\\t\\tif ( window.USYTPlayers.USYTInited === false ) {\\r\\n\\t\\t\\t\\t\\\/\\\/ Trying to override other possible WP YT API calls if our element is used\\r\\n\\t\\t\\t\\twindow.USYTPlayers.USYTInited = true;\\r\\n\\r\\n\\t\\t\\t\\twindow.onYouTubePlayerAPIReady = function() {\\r\\n\\t\\t\\t\\t\\tfor ( var i in window.USYTPlayers.optionsYT ) {\\r\\n\\t\\t\\t\\t\\t\\tvar _playerParams = window.USYTPlayers.optionsYT[ i ];\\r\\n\\t\\t\\t\\t\\t\\t$us.YTPlayers[ _playerParams.playerID ] = new YT.Player( _playerParams.playerID, {\\r\\n\\t\\t\\t\\t\\t\\t\\tvideoId: _playerParams.videoID,\\r\\n\\t\\t\\t\\t\\t\\t\\tplayerVars: _playerParams.playerVars\\r\\n\\t\\t\\t\\t\\t\\t} );\\r\\n\\t\\t\\t\\t\\t}\\r\\n\\t\\t\\t\\t}\\r\\n\\t\\t\\t}\\r\\n\\t\\t\\tif ( !!window.YT ) {\\r\\n\\t\\t\\t\\t$us.YTPlayers[\\&quot;youtube-v3be\\&quot;] = new YT.Player( \\&quot;youtube-v3be\\&quot;, {\\r\\n\\t\\t\\t\\t\\tvideoId: \\&quot;tJo1FUaePyI\\&quot;,\\r\\n\\t\\t\\t\\t\\tplayerVars: {\\&quot;autoplay\\&quot;:1,\\&quot;controls\\&quot;:1,\\&quot;origin\\&quot;:\\&quot;https:\\\\\\\/\\\\\\\/bortziriak.eus\\\\\\\/es\\\\\\\/\\&quot;,\\&quot;loop\\&quot;:0,\\&quot;mute\\&quot;:0,\\&quot;playlist\\&quot;:\\&quot;tJo1FUaePyI\\&quot;}\\r\\n\\t\\t\\t\\t} );\\r\\n\\t\\t\\t}\\r\\n\\t\\t&lt;\\\/script&gt;&quot;}\"><button class=\"w-video-play\" type=\"button\" aria-label=\"Reproducir\"><span class=\"w-video-play-icon\" style=\"font-size:1.5rem;background:rgba(0,0,0,0.5);color:#fff\"><\/span><\/button><div class=\"w-video-h\"><\/div><\/div><\/div><\/div><\/div><\/div><\/div><\/div><\/section>\n","protected":false},"excerpt":{"rendered":"Historia La d\u00e9cada de los 80 fue testigo de un gran movimiento cultural y social en Bortziriak. De ese movimiento surgi\u00f3 la Comisi\u00f3n de Euskera de Bortziriak, cuyo fin era la creaci\u00f3n de una instituci\u00f3n que se ocupara de la normalizaci\u00f3n del euskera en la comarca. Despu\u00e9s de debatir la idea durante varios meses con...","protected":false},"author":4,"featured_media":0,"parent":3025,"menu_order":0,"comment_status":"closed","ping_status":"closed","template":"","meta":{"_acf_changed":false,"footnotes":""},"class_list":["post-3038","page","type-page","status-publish","hentry"],"acf":[],"_links":{"self":[{"href":"https:\/\/bortziriak.eus\/es\/wp-json\/wp\/v2\/pages\/3038","targetHints":{"allow":["GET"]}}],"collection":[{"href":"https:\/\/bortziriak.eus\/es\/wp-json\/wp\/v2\/pages"}],"about":[{"href":"https:\/\/bortziriak.eus\/es\/wp-json\/wp\/v2\/types\/page"}],"author":[{"embeddable":true,"href":"https:\/\/bortziriak.eus\/es\/wp-json\/wp\/v2\/users\/4"}],"replies":[{"embeddable":true,"href":"https:\/\/bortziriak.eus\/es\/wp-json\/wp\/v2\/comments?post=3038"}],"version-history":[{"count":3,"href":"https:\/\/bortziriak.eus\/es\/wp-json\/wp\/v2\/pages\/3038\/revisions"}],"predecessor-version":[{"id":5676,"href":"https:\/\/bortziriak.eus\/es\/wp-json\/wp\/v2\/pages\/3038\/revisions\/5676"}],"up":[{"embeddable":true,"href":"https:\/\/bortziriak.eus\/es\/wp-json\/wp\/v2\/pages\/3025"}],"wp:attachment":[{"href":"https:\/\/bortziriak.eus\/es\/wp-json\/wp\/v2\/media?parent=3038"}],"curies":[{"name":"wp","href":"https:\/\/api.w.org\/{rel}","templated":true}]}}