{"id":3042,"date":"2022-05-23T15:12:07","date_gmt":"2022-05-23T13:12:07","guid":{"rendered":"https:\/\/bortziriak.eus\/?page_id=3042"},"modified":"2023-03-30T07:37:59","modified_gmt":"2023-03-30T06:37:59","slug":"estatutos","status":"publish","type":"page","link":"https:\/\/bortziriak.eus\/es\/quienes-somos\/estatutos\/","title":{"rendered":"Estatutos"},"content":{"rendered":"<section class=\"l-section wpb_row us_custom_17b5376a height_auto\"><div class=\"l-section-h i-cf\"><div class=\"g-cols vc_row via_flex valign_top type_default stacking_default\"><div class=\"vc_col-sm-12 wpb_column vc_column_container\"><div class=\"vc_column-inner us_custom_e7f5d98a\"><div class=\"wpb_wrapper\"><div class=\"w-hwrapper valign_middle wrap align_justify\" style=\"--hwrapper-gap:1rem\"><div class=\"w-vwrapper us_custom_51f36187 align_none valign_top\"><div class=\"wpb_text_column us_custom_b57b360f\"><div class=\"wpb_wrapper\"><h1>Estatutos<\/h1>\n<\/div><\/div><div class=\"wpb_text_column us_custom_67faaba7\"><div class=\"wpb_wrapper\"><p>Durante m\u00e1s de un a\u00f1o, hasta que la mancomunidad se cre\u00f3 formalmente, el Servicio de Euskera de Bortziriak dependi\u00f3 del Ayuntamiento de Arantza, aunque la organizaci\u00f3n y financiaci\u00f3n corri\u00f3 a cargo de los cinco ayuntamientos. El 18 de abril de 1990 se hicieron p\u00fablicos en el BON los estatutos de la Mancomunidad de Euskera de Bortziriak, creada por los ayuntamientos de Arantza, Bera, Etxalar, Igantzi y Lesaka.<\/p>\n<p>Desde entonces, en los a\u00f1os 2001, 2013 y 2019 se han llevado a cabo varias reformas de los estatutos. Han sido reformas puntuales y formales, ya que la mancomunidad mantiene el mismo esp\u00edritu y estructura de sus comienzos.<\/p>\n<\/div><\/div><div class=\"w-btn-wrapper align_none\"><a class=\"w-btn us-btn-style_1\" target=\"_blank\" rel=\"nofollow\" href=\"\/wp-content\/uploads\/2023\/03\/BEM-estatutuak-elebiz-2020.pdf\"><span class=\"w-btn-label\">Descargar \/ Leer<\/span><\/a><\/div><\/div><div class=\"w-image us_custom_0d366419 us_animate_this align_center\"><div class=\"w-image-h\"><img decoding=\"async\" width=\"226\" height=\"239\" src=\"https:\/\/bortziriak.eus\/wp-content\/uploads\/2022\/09\/BEM-logo-zaharra-hasierakoa.png\" class=\"attachment-full size-full\" alt=\"\" loading=\"lazy\" \/><\/div><\/div><div class=\"w-image us_custom_1672a8fe us_animate_this align_center\"><div class=\"w-image-h\"><img decoding=\"async\" width=\"302\" height=\"404\" src=\"https:\/\/bortziriak.eus\/wp-content\/uploads\/2022\/11\/koloretan_xutika.png\" class=\"attachment-full size-full\" alt=\"\" loading=\"lazy\" srcset=\"https:\/\/bortziriak.eus\/wp-content\/uploads\/2022\/11\/koloretan_xutika.png 302w, https:\/\/bortziriak.eus\/wp-content\/uploads\/2022\/11\/koloretan_xutika-299x400.png 299w\" sizes=\"auto, (max-width: 302px) 100vw, 302px\" \/><\/div><\/div><\/div><\/div><\/div><\/div><\/div><\/div><\/section>\n","protected":false},"excerpt":{"rendered":"Estatutos Durante m\u00e1s de un a\u00f1o, hasta que la mancomunidad se cre\u00f3 formalmente, el Servicio de Euskera de Bortziriak dependi\u00f3 del Ayuntamiento de Arantza, aunque la organizaci\u00f3n y financiaci\u00f3n corri\u00f3 a cargo de los cinco ayuntamientos. El 18 de abril de 1990 se hicieron p\u00fablicos en el BON los estatutos de la Mancomunidad de Euskera...","protected":false},"author":4,"featured_media":0,"parent":3025,"menu_order":0,"comment_status":"closed","ping_status":"closed","template":"","meta":{"_acf_changed":false,"footnotes":""},"class_list":["post-3042","page","type-page","status-publish","hentry"],"acf":[],"_links":{"self":[{"href":"https:\/\/bortziriak.eus\/es\/wp-json\/wp\/v2\/pages\/3042","targetHints":{"allow":["GET"]}}],"collection":[{"href":"https:\/\/bortziriak.eus\/es\/wp-json\/wp\/v2\/pages"}],"about":[{"href":"https:\/\/bortziriak.eus\/es\/wp-json\/wp\/v2\/types\/page"}],"author":[{"embeddable":true,"href":"https:\/\/bortziriak.eus\/es\/wp-json\/wp\/v2\/users\/4"}],"replies":[{"embeddable":true,"href":"https:\/\/bortziriak.eus\/es\/wp-json\/wp\/v2\/comments?post=3042"}],"version-history":[{"count":5,"href":"https:\/\/bortziriak.eus\/es\/wp-json\/wp\/v2\/pages\/3042\/revisions"}],"predecessor-version":[{"id":5994,"href":"https:\/\/bortziriak.eus\/es\/wp-json\/wp\/v2\/pages\/3042\/revisions\/5994"}],"up":[{"embeddable":true,"href":"https:\/\/bortziriak.eus\/es\/wp-json\/wp\/v2\/pages\/3025"}],"wp:attachment":[{"href":"https:\/\/bortziriak.eus\/es\/wp-json\/wp\/v2\/media?parent=3042"}],"curies":[{"name":"wp","href":"https:\/\/api.w.org\/{rel}","templated":true}]}}