{"id":3058,"date":"2022-05-24T15:56:15","date_gmt":"2022-05-24T13:56:15","guid":{"rendered":"https:\/\/bortziriak.eus\/?page_id=3058"},"modified":"2026-02-04T12:03:27","modified_gmt":"2026-02-04T10:03:27","slug":"https-mbortziriak-sedipualba-es","status":"publish","type":"page","link":"https:\/\/bortziriak.eus\/es\/https-mbortziriak-sedipualba-es\/","title":{"rendered":"Administraci\u00f3n electr\u00f3nica"},"content":{"rendered":"<section class=\"l-section wpb_row us_custom_93ae2565 height_auto width_full\"><div class=\"l-section-h i-cf\"><div class=\"g-cols vc_row via_flex valign_top type_default stacking_default\"><div class=\"vc_col-sm-12 wpb_column vc_column_container\"><div class=\"vc_column-inner\"><div class=\"wpb_wrapper\"><div class=\"w-hwrapper us_custom_703b2333 valign_top wrap align_left\"><div class=\"w-btn-wrapper align_none\"><a class=\"w-btn us-btn-style_4 us_custom_ad30c21f\" title=\"Egoera soziolinguistikoa\" href=\"\/es\/administracion-electronica\/subvenciones\/\"><span class=\"w-btn-label\">Subvenciones<\/span><\/a><\/div><div class=\"w-btn-wrapper align_none\"><a class=\"w-btn us-btn-style_4 us_custom_87f50020\" target=\"_blank\" rel=\"nofollow\" title=\"Egoera soziolinguistikoa\" href=\"https:\/\/mbortziriak.sedipualba.es\/\"><span class=\"w-btn-label\">Sede electr\u00f3nica<\/span><\/a><\/div><div class=\"w-btn-wrapper align_none\"><a class=\"w-btn us-btn-style_4 us_custom_5a63d9a5\" target=\"_blank\" rel=\"nofollow\" title=\"Egoera soziolinguistikoa\" href=\"https:\/\/mbortziriak.sedipualba.es\/tablondeanuncios\/\"><span class=\"w-btn-label\">Tabl\u00f3n de anuncios<\/span><\/a><\/div><\/div><div class=\"w-hwrapper us_custom_703b2333 valign_top wrap align_left\"><div class=\"w-btn-wrapper align_none\"><a class=\"w-btn us-btn-style_4 us_custom_5a63d9a5\" title=\"Egoera soziolinguistikoa\" target=\"_blank\" rel=\"nofollow\" href=\"https:\/\/efacturaproveedores.animsa.es\/\"><span class=\"w-btn-label\">Facturaci\u00f3n proveedores<\/span><\/a><\/div><\/div><\/div><\/div><\/div><\/div><\/div><\/section>\n","protected":false},"excerpt":{"rendered":"SubvencionesSede electr\u00f3nicaTabl\u00f3n de anunciosFacturaci\u00f3n proveedores","protected":false},"author":4,"featured_media":0,"parent":0,"menu_order":0,"comment_status":"closed","ping_status":"closed","template":"","meta":{"_acf_changed":false,"footnotes":""},"class_list":["post-3058","page","type-page","status-publish","hentry"],"acf":[],"_links":{"self":[{"href":"https:\/\/bortziriak.eus\/es\/wp-json\/wp\/v2\/pages\/3058","targetHints":{"allow":["GET"]}}],"collection":[{"href":"https:\/\/bortziriak.eus\/es\/wp-json\/wp\/v2\/pages"}],"about":[{"href":"https:\/\/bortziriak.eus\/es\/wp-json\/wp\/v2\/types\/page"}],"author":[{"embeddable":true,"href":"https:\/\/bortziriak.eus\/es\/wp-json\/wp\/v2\/users\/4"}],"replies":[{"embeddable":true,"href":"https:\/\/bortziriak.eus\/es\/wp-json\/wp\/v2\/comments?post=3058"}],"version-history":[{"count":11,"href":"https:\/\/bortziriak.eus\/es\/wp-json\/wp\/v2\/pages\/3058\/revisions"}],"predecessor-version":[{"id":9470,"href":"https:\/\/bortziriak.eus\/es\/wp-json\/wp\/v2\/pages\/3058\/revisions\/9470"}],"wp:attachment":[{"href":"https:\/\/bortziriak.eus\/es\/wp-json\/wp\/v2\/media?parent=3058"}],"curies":[{"name":"wp","href":"https:\/\/api.w.org\/{rel}","templated":true}]}}