{"id":3059,"date":"2022-05-24T15:50:45","date_gmt":"2022-05-24T14:50:45","guid":{"rendered":"https:\/\/bortziriak.eus\/?page_id=3059"},"modified":"2023-03-15T11:04:27","modified_gmt":"2023-03-15T10:04:27","slug":"subvenciones","status":"publish","type":"page","link":"https:\/\/bortziriak.eus\/es\/https-mbortziriak-sedipualba-es\/subvenciones\/","title":{"rendered":"Subvenciones"},"content":{"rendered":"<section class=\"l-section wpb_row us_custom_6f350f9d height_auto\"><div class=\"l-section-h i-cf\"><div class=\"g-cols vc_row via_flex valign_top type_default stacking_default\"><div class=\"vc_col-sm-12 wpb_column vc_column_container\"><div class=\"vc_column-inner us_custom_e7f5d98a\"><div class=\"wpb_wrapper\"><div class=\"wpb_text_column us_custom_0c701858\"><div class=\"wpb_wrapper\"><h1>Subvenciones<\/h1>\n<\/div><\/div><div class=\"w-grid us_grid us_custom_a063d68d type_grid layout_1974 cols_3 preload_style_spinner\" id=\"us_grid_1\" style=\"--columns:3;--gap:0.4rem;\" data-filterable=\"true\"><style>@media (max-width:1279px){#us_grid_1{--columns:2!important}}@media (max-width:1024px){#us_grid_1{--columns:2!important}}@media (max-width:759px){#us_grid_1{--columns:1!important}}.layout_1974 .w-grid-item-h{}.layout_1974 .usg_post_title_1{transition-duration:0.5s;transform-origin:50% 50%;transform:scale(1) translate(0%,0%)}.layout_1974 .w-grid-item-h:focus-within .usg_post_title_1,.layout_1974 .w-grid-item-h:hover .usg_post_title_1{transform:scale(1) translate(0%,-6%);opacity:1;background:var(--color-content-link-hover)!important;border-color:var(--color-content-link-hover)!important;color:#ffffff!important}.layout_1974 .usg_post_title_1{color:var(--color-content-link)!important;font-size:1.4rem!important;line-height:1.6rem!important;font-weight:500!important;min-height:10rem!important;padding:2rem!important;border:4px solid var(--color-content-link)!important}@media (max-width:760px){.layout_1974 .usg_post_title_1{min-height:auto!important}}<\/style><div class=\"w-grid-list\">\t<article class=\"w-grid-item size_1x1 post-5769 diru-laguntza type-diru-laguntza status-publish hentry\" data-id=\"5769\">\r\n\t\t<div class=\"w-grid-item-h\">\r\n\t\t\t\t\t\t\t<a href=\"https:\/\/bortziriak.eus\/es\/diru-laguntza\/dirulaguntzen-plan-estrategikoa-2023-2025\/\" class=\"w-grid-item-anchor\" aria-label=\"Plan estrat\u00e9gico de subvenciones 2023-2025\"><\/a>\r\n\t\t\t\t\t\t<h2 class=\"w-post-elm post_title usg_post_title_1 has_text_color entry-title color_link_inherit\">Plan estrat\u00e9gico de subvenciones 2023-2025<\/h2>\t\t<\/div>\r\n\t\t\t<\/article>\r\n\t<article class=\"w-grid-item size_1x1 post-5779 diru-laguntza type-diru-laguntza status-publish hentry\" data-id=\"5779\">\r\n\t\t<div class=\"w-grid-item-h\">\r\n\t\t\t\t\t\t\t<a href=\"https:\/\/bortziriak.eus\/es\/diru-laguntza\/2022an-emandako-laguntzak\/\" class=\"w-grid-item-anchor\" aria-label=\"Subvenciones concedidas en 2023\"><\/a>\r\n\t\t\t\t\t\t<h2 class=\"w-post-elm post_title usg_post_title_1 has_text_color entry-title color_link_inherit\">Subvenciones concedidas en 2023<\/h2>\t\t<\/div>\r\n\t\t\t<\/article>\r\n\t<article class=\"w-grid-item size_1x1 post-5809 diru-laguntza type-diru-laguntza status-publish hentry\" data-id=\"5809\">\r\n\t\t<div class=\"w-grid-item-h\">\r\n\t\t\t\t\t\t\t<a href=\"https:\/\/bortziriak.eus\/es\/diru-laguntza\/ayudas-para-aprender-euskera\/\" class=\"w-grid-item-anchor\" aria-label=\"Ayudas para aprender euskera\"><\/a>\r\n\t\t\t\t\t\t<h2 class=\"w-post-elm post_title usg_post_title_1 has_text_color entry-title color_link_inherit\">Ayudas para aprender euskera<\/h2>\t\t<\/div>\r\n\t\t\t<\/article>\r\n\t<article class=\"w-grid-item size_1x1 post-5842 diru-laguntza type-diru-laguntza status-publish hentry\" data-id=\"5842\">\r\n\t\t<div class=\"w-grid-item-h\">\r\n\t\t\t\t\t\t\t<a href=\"https:\/\/bortziriak.eus\/es\/diru-laguntza\/ayudas-para-los-medios-de-comunicacion-locales\/\" class=\"w-grid-item-anchor\" aria-label=\"Ayudas para los medios de comunicaci\u00f3n locales\"><\/a>\r\n\t\t\t\t\t\t<h2 class=\"w-post-elm post_title usg_post_title_1 has_text_color entry-title color_link_inherit\">Ayudas para los medios de comunicaci\u00f3n locales<\/h2>\t\t<\/div>\r\n\t\t\t<\/article>\r\n\t<article class=\"w-grid-item size_1x1 post-5848 diru-laguntza type-diru-laguntza status-publish hentry\" data-id=\"5848\">\r\n\t\t<div class=\"w-grid-item-h\">\r\n\t\t\t\t\t\t\t<a href=\"https:\/\/bortziriak.eus\/es\/diru-laguntza\/arlo-sozioekonomikoan-euskara-sustatzeko-laguntzak\/\" class=\"w-grid-item-anchor\" aria-label=\"Ayudas a la promoci\u00f3n del euskera en el \u00e1mbito socioecon\u00f3mico\"><\/a>\r\n\t\t\t\t\t\t<h2 class=\"w-post-elm post_title usg_post_title_1 has_text_color entry-title color_link_inherit\">Ayudas a la promoci\u00f3n del euskera en el \u00e1mbito socioecon\u00f3mico<\/h2>\t\t<\/div>\r\n\t\t\t<\/article>\r\n\t<article class=\"w-grid-item size_1x1 post-5854 diru-laguntza type-diru-laguntza status-publish hentry\" data-id=\"5854\">\r\n\t\t<div class=\"w-grid-item-h\">\r\n\t\t\t\t\t\t\t<a href=\"https:\/\/bortziriak.eus\/es\/diru-laguntza\/ayudas-a-la-promocion-del-bertsolarismo\/\" class=\"w-grid-item-anchor\" aria-label=\"Ayudas a la promoci\u00f3n del bertsolarismo\"><\/a>\r\n\t\t\t\t\t\t<h2 class=\"w-post-elm post_title usg_post_title_1 has_text_color entry-title color_link_inherit\">Ayudas a la promoci\u00f3n del bertsolarismo<\/h2>\t\t<\/div>\r\n\t\t\t<\/article>\r\n\t<article class=\"w-grid-item size_1x1 post-5856 diru-laguntza type-diru-laguntza status-publish hentry\" data-id=\"5856\">\r\n\t\t<div class=\"w-grid-item-h\">\r\n\t\t\t\t\t\t\t<a href=\"https:\/\/bortziriak.eus\/es\/diru-laguntza\/euskararen-aldeko-ospakizunetarako-laguntzak\/\" class=\"w-grid-item-anchor\" aria-label=\"Ayudas para las celebraciones en favor del euskera\"><\/a>\r\n\t\t\t\t\t\t<h2 class=\"w-post-elm post_title usg_post_title_1 has_text_color entry-title color_link_inherit\">Ayudas para las celebraciones en favor del euskera<\/h2>\t\t<\/div>\r\n\t\t\t<\/article>\r\n\t<article class=\"w-grid-item size_1x1 post-5859 diru-laguntza type-diru-laguntza status-publish hentry\" data-id=\"5859\">\r\n\t\t<div class=\"w-grid-item-h\">\r\n\t\t\t\t\t\t\t<a href=\"https:\/\/bortziriak.eus\/es\/diru-laguntza\/ayudas-para-la-colaboracion-entre-lenguas-minorizadas\/\" class=\"w-grid-item-anchor\" aria-label=\"Ayudas para la colaboraci\u00f3n entre lenguas minorizadas\"><\/a>\r\n\t\t\t\t\t\t<h2 class=\"w-post-elm post_title usg_post_title_1 has_text_color entry-title color_link_inherit\">Ayudas para la colaboraci\u00f3n entre lenguas minorizadas<\/h2>\t\t<\/div>\r\n\t\t\t<\/article>\r\n\t<article class=\"w-grid-item size_1x1 post-5869 diru-laguntza type-diru-laguntza status-publish hentry\" data-id=\"5869\">\r\n\t\t<div class=\"w-grid-item-h\">\r\n\t\t\t\t\t\t\t<a href=\"https:\/\/bortziriak.eus\/es\/diru-laguntza\/ayudas-a-las-entidades-que-trabajan-en-la-normalizacion-y-promocion-del-euskera\/\" class=\"w-grid-item-anchor\" aria-label=\"Ayudas a las entidades que trabajan en la normalizaci\u00f3n y promoci\u00f3n del euskera\"><\/a>\r\n\t\t\t\t\t\t<h2 class=\"w-post-elm post_title usg_post_title_1 has_text_color entry-title color_link_inherit\">Ayudas a las entidades que trabajan en la normalizaci\u00f3n y promoci\u00f3n del euskera<\/h2>\t\t<\/div>\r\n\t\t\t<\/article>\r\n<\/div>\t<div class=\"w-grid-preloader\">\r\n\t\t<div class=\"g-preloader type_3\">\r\n\t\t\t<div><\/div>\r\n\t\t<\/div>\r\n\t<\/div>\r\n\t\t<div class=\"w-grid-json hidden\" onclick='return {&quot;action&quot;:&quot;us_ajax_grid&quot;,&quot;infinite_scroll&quot;:0,&quot;max_num_pages&quot;:2,&quot;pagination&quot;:&quot;none&quot;,&quot;template_vars&quot;:{&quot;columns&quot;:&quot;3&quot;,&quot;exclude_items&quot;:&quot;none&quot;,&quot;img_size&quot;:&quot;default&quot;,&quot;ignore_items_size&quot;:0,&quot;items_layout&quot;:&quot;1974&quot;,&quot;items_offset&quot;:&quot;1&quot;,&quot;load_animation&quot;:&quot;none&quot;,&quot;overriding_link&quot;:&quot;%7B%22type%22%3A%22post%22%7D&quot;,&quot;post_id&quot;:0,&quot;query_args&quot;:{&quot;post_type&quot;:[&quot;diru-laguntza&quot;],&quot;post_status&quot;:[&quot;publish&quot;,&quot;acf-disabled&quot;],&quot;posts_per_page&quot;:&quot;9&quot;},&quot;orderby_query_args&quot;:{&quot;orderby&quot;:&quot;custom_field_num&quot;,&quot;meta_key&quot;:&quot;Ordena&quot;,&quot;order&quot;:&quot;ASC&quot;},&quot;type&quot;:&quot;grid&quot;,&quot;us_grid_post_type&quot;:&quot;diru-laguntza&quot;,&quot;us_grid_ajax_index&quot;:1,&quot;us_grid_filter_query_string&quot;:null,&quot;us_grid_index&quot;:1,&quot;page_args&quot;:[],&quot;lang&quot;:&quot;es&quot;}}'><\/div>\r\n\t<\/div><\/div><\/div><\/div><\/div><\/div><\/section>\n","protected":false},"excerpt":{"rendered":"Ayudas a las entidades que trabajan en la normalizaci\u00f3n y promoci\u00f3n del euskera Tal como se establece en los estatutos de la mancomunidad, su principal objetivo es el desarrollo del conocimiento y uso del euskera en todos los \u00e1mbitos de la vida social. Tambi\u00e9n se pretende apoyar, promover e incentivar aquellas iniciativas con tal fin....","protected":false},"author":4,"featured_media":0,"parent":3058,"menu_order":0,"comment_status":"closed","ping_status":"closed","template":"","meta":{"_acf_changed":false,"footnotes":""},"class_list":["post-3059","page","type-page","status-publish","hentry"],"acf":[],"_links":{"self":[{"href":"https:\/\/bortziriak.eus\/es\/wp-json\/wp\/v2\/pages\/3059","targetHints":{"allow":["GET"]}}],"collection":[{"href":"https:\/\/bortziriak.eus\/es\/wp-json\/wp\/v2\/pages"}],"about":[{"href":"https:\/\/bortziriak.eus\/es\/wp-json\/wp\/v2\/types\/page"}],"author":[{"embeddable":true,"href":"https:\/\/bortziriak.eus\/es\/wp-json\/wp\/v2\/users\/4"}],"replies":[{"embeddable":true,"href":"https:\/\/bortziriak.eus\/es\/wp-json\/wp\/v2\/comments?post=3059"}],"version-history":[{"count":2,"href":"https:\/\/bortziriak.eus\/es\/wp-json\/wp\/v2\/pages\/3059\/revisions"}],"predecessor-version":[{"id":3063,"href":"https:\/\/bortziriak.eus\/es\/wp-json\/wp\/v2\/pages\/3059\/revisions\/3063"}],"up":[{"embeddable":true,"href":"https:\/\/bortziriak.eus\/es\/wp-json\/wp\/v2\/pages\/3058"}],"wp:attachment":[{"href":"https:\/\/bortziriak.eus\/es\/wp-json\/wp\/v2\/media?parent=3059"}],"curies":[{"name":"wp","href":"https:\/\/api.w.org\/{rel}","templated":true}]}}