{"id":3074,"date":"2022-05-24T16:00:13","date_gmt":"2022-05-24T15:00:13","guid":{"rendered":"https:\/\/bortziriak.eus\/?page_id=3074"},"modified":"2023-03-15T09:18:16","modified_gmt":"2023-03-15T08:18:16","slug":"proyectos","status":"publish","type":"page","link":"https:\/\/bortziriak.eus\/es\/proyectos\/","title":{"rendered":"Proyectos"},"content":{"rendered":"<section class=\"l-section wpb_row us_custom_9e5a7bb9 height_auto\"><div class=\"l-section-h i-cf\"><div class=\"g-cols vc_row via_flex valign_top type_default stacking_default\"><div class=\"vc_col-sm-12 wpb_column vc_column_container\"><div class=\"vc_column-inner\"><div class=\"wpb_wrapper\"><div class=\"w-grid us_grid type_grid layout_5762 cols_3 preload_style_spinner\" id=\"us_grid_1\" style=\"--columns:3;--gap:0.6rem;\" data-filterable=\"true\"><style>@media (max-width:1024px){#us_grid_1{--columns:2!important}}@media (max-width:760px){#us_grid_1{--columns:1!important}}.layout_5762 .w-grid-item-h{}.layout_5762 .usg_vwrapper_1{transition-duration:0.3s;transform-origin:50% 50%;transform:scale(1) translate(0%,0%)}.layout_5762 .w-grid-item-h:focus-within .usg_vwrapper_1,.layout_5762 .w-grid-item-h:hover .usg_vwrapper_1{transform:scale(1.01) translate(0%,-1%);opacity:1}.layout_5762 .usg_vwrapper_1{padding:1rem!important;background:var(--color-chrome-toolbar)!important;box-shadow:0 5px 4px 0 rgba(26,26,26,0.10)!important}.layout_5762 .usg_post_custom_field_1{text-align:center!important;margin-bottom:0.6rem!important}<\/style><div class=\"w-grid-list\">\t<article class=\"w-grid-item size_1x1 post-5753 egitasmoa type-egitasmoa status-publish has-post-thumbnail hentry\" data-id=\"5753\">\r\n\t\t<div class=\"w-grid-item-h\">\r\n\t\t\t\t\t\t<div class=\"w-vwrapper usg_vwrapper_1 align_none valign_top\"><div class=\"w-post-elm post_image usg_post_image_1 has_ratio\"><a href=\"https:\/\/bortziriak.eus\/es\/egitasmoa\/era\/\" aria-label=\"ERA\"><img loading=\"lazy\" decoding=\"async\" width=\"2030\" height=\"2030\" src=\"https:\/\/bortziriak.eus\/wp-content\/uploads\/2022\/11\/era-.png\" class=\"attachment-full size-full wp-post-image\" alt=\"\" \/><\/a><div style=\"padding-bottom:66.6667%\"><\/div><\/div><h3 class=\"w-post-elm post_custom_field usg_post_custom_field_1 type_text izenburua color_link_inherit\"><a href=\"https:\/\/bortziriak.eus\/es\/egitasmoa\/era\/\"><span class=\"w-post-elm-value\">ERA<\/span><\/a><\/h3><\/div>\t\t<\/div>\r\n\t\t\t<\/article>\r\n\t<article class=\"w-grid-item size_1x1 post-5725 egitasmoa type-egitasmoa status-publish has-post-thumbnail hentry\" data-id=\"5725\">\r\n\t\t<div class=\"w-grid-item-h\">\r\n\t\t\t\t\t\t<div class=\"w-vwrapper usg_vwrapper_1 align_none valign_top\"><div class=\"w-post-elm post_image usg_post_image_1 has_ratio\"><a href=\"https:\/\/bortziriak.eus\/es\/egitasmoa\/elaide\/\" aria-label=\"Elaide\"><img loading=\"lazy\" decoding=\"async\" width=\"314\" height=\"199\" src=\"https:\/\/bortziriak.eus\/wp-content\/uploads\/2022\/05\/banner-1-314x199-1.png\" class=\"attachment-full size-full wp-post-image\" alt=\"\" \/><\/a><div style=\"padding-bottom:66.6667%\"><\/div><\/div><h3 class=\"w-post-elm post_custom_field usg_post_custom_field_1 type_text izenburua color_link_inherit\"><a href=\"https:\/\/bortziriak.eus\/es\/egitasmoa\/elaide\/\"><span class=\"w-post-elm-value\">Elaide<\/span><\/a><\/h3><\/div>\t\t<\/div>\r\n\t\t\t<\/article>\r\n\t<article class=\"w-grid-item size_1x1 post-5729 egitasmoa type-egitasmoa status-publish has-post-thumbnail hentry\" data-id=\"5729\">\r\n\t\t<div class=\"w-grid-item-h\">\r\n\t\t\t\t\t\t<div class=\"w-vwrapper usg_vwrapper_1 align_none valign_top\"><div class=\"w-post-elm post_image usg_post_image_1 has_ratio\"><a href=\"https:\/\/bortziriak.eus\/es\/egitasmoa\/bienvenidas-os\/\" aria-label=\"PUBLICACI\u00d3N PARA TURISTAS Y VISITANTES\"><img loading=\"lazy\" decoding=\"async\" width=\"461\" height=\"500\" src=\"https:\/\/bortziriak.eus\/wp-content\/uploads\/2022\/11\/azala-txiki.png\" class=\"attachment-full size-full wp-post-image\" alt=\"\" \/><\/a><div style=\"padding-bottom:66.6667%\"><\/div><\/div><h3 class=\"w-post-elm post_custom_field usg_post_custom_field_1 type_text izenburua color_link_inherit\"><a href=\"https:\/\/bortziriak.eus\/es\/egitasmoa\/bienvenidas-os\/\"><span class=\"w-post-elm-value\">PUBLICACI\u00d3N PARA TURISTAS Y VISITANTES <\/span><\/a><\/h3><\/div>\t\t<\/div>\r\n\t\t\t<\/article>\r\n\t<article class=\"w-grid-item size_1x1 post-5731 egitasmoa type-egitasmoa status-publish has-post-thumbnail hentry\" data-id=\"5731\">\r\n\t\t<div class=\"w-grid-item-h\">\r\n\t\t\t\t\t\t<div class=\"w-vwrapper usg_vwrapper_1 align_none valign_top\"><div class=\"w-post-elm post_image usg_post_image_1 has_ratio\"><a href=\"https:\/\/bortziriak.eus\/es\/egitasmoa\/campana-de-promocion-del-uso-del-euskera-en-los-comercios-herrian-erosi-euskaraz-erosi\/\" aria-label=\"CAMPA\u00d1A DE PROMOCI\u00d3N DEL USO DEL EUSKERA EN LOS COMERCIOS \u201cHERRIAN EROSI, EUSKARAZ EROSI\u201d\"><img loading=\"lazy\" decoding=\"async\" width=\"352\" height=\"335\" src=\"https:\/\/bortziriak.eus\/wp-content\/uploads\/2022\/05\/herrian-eeuskaraz.png\" class=\"attachment-full size-full wp-post-image\" alt=\"\" \/><\/a><div style=\"padding-bottom:66.6667%\"><\/div><\/div><h3 class=\"w-post-elm post_custom_field usg_post_custom_field_1 type_text izenburua color_link_inherit\"><a href=\"https:\/\/bortziriak.eus\/es\/egitasmoa\/campana-de-promocion-del-uso-del-euskera-en-los-comercios-herrian-erosi-euskaraz-erosi\/\"><span class=\"w-post-elm-value\">Herrian erosi<\/span><\/a><\/h3><\/div>\t\t<\/div>\r\n\t\t\t<\/article>\r\n\t<article class=\"w-grid-item size_1x1 post-5738 egitasmoa type-egitasmoa status-publish has-post-thumbnail hentry\" data-id=\"5738\">\r\n\t\t<div class=\"w-grid-item-h\">\r\n\t\t\t\t\t\t<div class=\"w-vwrapper usg_vwrapper_1 align_none valign_top\"><div class=\"w-post-elm post_image usg_post_image_1 has_ratio\"><a href=\"https:\/\/bortziriak.eus\/es\/egitasmoa\/catalogo-de-productos-en-euskera\/\" aria-label=\"CAT\u00c1LOGO DE PRODUCTOS EN EUSKERA\"><img loading=\"lazy\" decoding=\"async\" width=\"1192\" height=\"1192\" src=\"https:\/\/bortziriak.eus\/wp-content\/uploads\/2022\/11\/Katalogoa-1.jpg\" class=\"attachment-full size-full wp-post-image\" alt=\"\" \/><\/a><div style=\"padding-bottom:66.6667%\"><\/div><\/div><h3 class=\"w-post-elm post_custom_field usg_post_custom_field_1 type_text izenburua color_link_inherit\"><a href=\"https:\/\/bortziriak.eus\/es\/egitasmoa\/catalogo-de-productos-en-euskera\/\"><span class=\"w-post-elm-value\">Cat\u00e1logo de productos en euskera<\/span><\/a><\/h3><\/div>\t\t<\/div>\r\n\t\t\t<\/article>\r\n\t<article class=\"w-grid-item size_1x1 post-5743 egitasmoa type-egitasmoa status-publish has-post-thumbnail hentry\" data-id=\"5743\">\r\n\t\t<div class=\"w-grid-item-h\">\r\n\t\t\t\t\t\t<div class=\"w-vwrapper usg_vwrapper_1 align_none valign_top\"><div class=\"w-post-elm post_image usg_post_image_1 has_ratio\"><a href=\"https:\/\/bortziriak.eus\/es\/egitasmoa\/solasean\/\" aria-label=\"Solasean\"><img loading=\"lazy\" decoding=\"async\" width=\"764\" height=\"762\" src=\"https:\/\/bortziriak.eus\/wp-content\/uploads\/2022\/11\/solasean.jpg\" class=\"attachment-full size-full wp-post-image\" alt=\"\" \/><\/a><div style=\"padding-bottom:66.6667%\"><\/div><\/div><h3 class=\"w-post-elm post_custom_field usg_post_custom_field_1 type_text izenburua color_link_inherit\"><a href=\"https:\/\/bortziriak.eus\/es\/egitasmoa\/solasean\/\"><span class=\"w-post-elm-value\">Solasean<\/span><\/a><\/h3><\/div>\t\t<\/div>\r\n\t\t\t<\/article>\r\n\t<article class=\"w-grid-item size_1x1 post-5747 egitasmoa type-egitasmoa status-publish has-post-thumbnail hentry\" data-id=\"5747\">\r\n\t\t<div class=\"w-grid-item-h\">\r\n\t\t\t\t\t\t<div class=\"w-vwrapper usg_vwrapper_1 align_none valign_top\"><div class=\"w-post-elm post_image usg_post_image_1 has_ratio\"><a href=\"https:\/\/bortziriak.eus\/es\/egitasmoa\/acogida-linguistica\/\" aria-label=\"ACOGIDA LING\u00dc\u00cdSTICA\"><img loading=\"lazy\" decoding=\"async\" width=\"2560\" height=\"1963\" src=\"https:\/\/bortziriak.eus\/wp-content\/uploads\/2022\/08\/Ongi-etorri-Bortzirietara-irudia-scaled.jpg\" class=\"attachment-full size-full wp-post-image\" alt=\"\" \/><\/a><div style=\"padding-bottom:66.6667%\"><\/div><\/div><h3 class=\"w-post-elm post_custom_field usg_post_custom_field_1 type_text izenburua color_link_inherit\"><a href=\"https:\/\/bortziriak.eus\/es\/egitasmoa\/acogida-linguistica\/\"><span class=\"w-post-elm-value\">ACOGIDA LING\u00dc\u00cdSTICA<\/span><\/a><\/h3><\/div>\t\t<\/div>\r\n\t\t\t<\/article>\r\n\t<article class=\"w-grid-item size_1x1 post-5745 egitasmoa type-egitasmoa status-publish has-post-thumbnail hentry\" data-id=\"5745\">\r\n\t\t<div class=\"w-grid-item-h\">\r\n\t\t\t\t\t\t<div class=\"w-vwrapper usg_vwrapper_1 align_none valign_top\"><div class=\"w-post-elm post_image usg_post_image_1 has_ratio\"><a href=\"https:\/\/bortziriak.eus\/es\/egitasmoa\/solaslaguna\/\" aria-label=\"SOLASLAGUNA\"><img loading=\"lazy\" decoding=\"async\" width=\"450\" height=\"450\" src=\"https:\/\/bortziriak.eus\/wp-content\/uploads\/2022\/08\/solas-laguna.jpg\" class=\"attachment-full size-full wp-post-image\" alt=\"\" \/><\/a><div style=\"padding-bottom:66.6667%\"><\/div><\/div><h3 class=\"w-post-elm post_custom_field usg_post_custom_field_1 type_text izenburua color_link_inherit\"><a href=\"https:\/\/bortziriak.eus\/es\/egitasmoa\/solaslaguna\/\"><span class=\"w-post-elm-value\">Solaslaguna<\/span><\/a><\/h3><\/div>\t\t<\/div>\r\n\t\t\t<\/article>\r\n\t<article class=\"w-grid-item size_1x1 post-5724 egitasmoa type-egitasmoa status-publish has-post-thumbnail hentry\" data-id=\"5724\">\r\n\t\t<div class=\"w-grid-item-h\">\r\n\t\t\t\t\t\t<div class=\"w-vwrapper usg_vwrapper_1 align_none valign_top\"><div class=\"w-post-elm post_image usg_post_image_1 has_ratio\"><a href=\"https:\/\/bortziriak.eus\/es\/egitasmoa\/udalekuak\/\" aria-label=\"COLONIAS\"><img loading=\"lazy\" decoding=\"async\" width=\"1200\" height=\"1200\" src=\"https:\/\/bortziriak.eus\/wp-content\/uploads\/2022\/11\/udalekuak.jpg\" class=\"attachment-full size-full wp-post-image\" alt=\"\" \/><\/a><div style=\"padding-bottom:66.6667%\"><\/div><\/div><h3 class=\"w-post-elm post_custom_field usg_post_custom_field_1 type_text izenburua color_link_inherit\"><a href=\"https:\/\/bortziriak.eus\/es\/egitasmoa\/udalekuak\/\"><span class=\"w-post-elm-value\">Colonias<\/span><\/a><\/h3><\/div>\t\t<\/div>\r\n\t\t\t<\/article>\r\n<\/div>\t<div class=\"w-grid-preloader\">\r\n\t\t<div class=\"g-preloader type_3\">\r\n\t\t\t<div><\/div>\r\n\t\t<\/div>\r\n\t<\/div>\r\n\t\t<div class=\"w-grid-json hidden\" onclick='return {&quot;action&quot;:&quot;us_ajax_grid&quot;,&quot;infinite_scroll&quot;:0,&quot;max_num_pages&quot;:1,&quot;pagination&quot;:&quot;none&quot;,&quot;template_vars&quot;:{&quot;columns&quot;:&quot;3&quot;,&quot;exclude_items&quot;:&quot;none&quot;,&quot;img_size&quot;:&quot;default&quot;,&quot;ignore_items_size&quot;:0,&quot;items_layout&quot;:&quot;5762&quot;,&quot;items_offset&quot;:&quot;1&quot;,&quot;load_animation&quot;:&quot;none&quot;,&quot;overriding_link&quot;:&quot;{\\&quot;url\\&quot;:\\&quot;\\&quot;}&quot;,&quot;post_id&quot;:0,&quot;query_args&quot;:{&quot;post_type&quot;:[&quot;egitasmoa&quot;],&quot;post_status&quot;:[&quot;publish&quot;,&quot;acf-disabled&quot;],&quot;posts_per_page&quot;:999},&quot;orderby_query_args&quot;:{&quot;orderby&quot;:{&quot;date&quot;:&quot;ASC&quot;}},&quot;type&quot;:&quot;grid&quot;,&quot;us_grid_post_type&quot;:&quot;egitasmoa&quot;,&quot;us_grid_ajax_index&quot;:1,&quot;us_grid_filter_query_string&quot;:null,&quot;us_grid_index&quot;:1,&quot;page_args&quot;:[],&quot;lang&quot;:&quot;es&quot;}}'><\/div>\r\n\t<\/div><\/div><\/div><\/div><\/div><\/div><\/section>\n","protected":false},"excerpt":{"rendered":"OFERTA PARA DISFRUTAR DE LAS VACACIONES EN EUSKERA La Mancomunidad de Euskera de Bortziriak lleva m\u00e1s de dos d\u00e9cadas organizando estas colonias. La oferta va dirigida a las ni\u00f1as y ni\u00f1os de entre 3 y 12 a\u00f1os que viven o est\u00e1n escolarizadas en Bortziriak. El objetivo principal es ofrecerles un espacio de ocio en euskera....","protected":false},"author":4,"featured_media":0,"parent":0,"menu_order":0,"comment_status":"closed","ping_status":"closed","template":"","meta":{"_acf_changed":false,"footnotes":""},"class_list":["post-3074","page","type-page","status-publish","hentry"],"acf":[],"_links":{"self":[{"href":"https:\/\/bortziriak.eus\/es\/wp-json\/wp\/v2\/pages\/3074","targetHints":{"allow":["GET"]}}],"collection":[{"href":"https:\/\/bortziriak.eus\/es\/wp-json\/wp\/v2\/pages"}],"about":[{"href":"https:\/\/bortziriak.eus\/es\/wp-json\/wp\/v2\/types\/page"}],"author":[{"embeddable":true,"href":"https:\/\/bortziriak.eus\/es\/wp-json\/wp\/v2\/users\/4"}],"replies":[{"embeddable":true,"href":"https:\/\/bortziriak.eus\/es\/wp-json\/wp\/v2\/comments?post=3074"}],"version-history":[{"count":3,"href":"https:\/\/bortziriak.eus\/es\/wp-json\/wp\/v2\/pages\/3074\/revisions"}],"predecessor-version":[{"id":5763,"href":"https:\/\/bortziriak.eus\/es\/wp-json\/wp\/v2\/pages\/3074\/revisions\/5763"}],"wp:attachment":[{"href":"https:\/\/bortziriak.eus\/es\/wp-json\/wp\/v2\/media?parent=3074"}],"curies":[{"name":"wp","href":"https:\/\/api.w.org\/{rel}","templated":true}]}}