{"id":5905,"date":"2023-03-08T09:18:02","date_gmt":"2023-03-08T07:18:02","guid":{"rendered":"https:\/\/bortziriak.eus\/?page_id=5905"},"modified":"2024-07-16T09:01:14","modified_gmt":"2024-07-16T07:01:14","slug":"politica-de-cookies","status":"publish","type":"page","link":"https:\/\/bortziriak.eus\/es\/politica-de-cookies\/","title":{"rendered":"Pol\u00edtica de cookies"},"content":{"rendered":"<div class=\"vc_col-sm-12 wpb_column vc_column_container\"><div class=\"vc_column-inner\"><div class=\"wpb_wrapper\"><\/div><\/div><\/div><section class=\"l-section wpb_row us_custom_fa07e175 height_auto\"><div class=\"l-section-h i-cf\"><div class=\"g-cols vc_row via_flex valign_top type_default stacking_default\"><div class=\"vc_col-sm-12 wpb_column vc_column_container\"><div class=\"vc_column-inner\"><div class=\"wpb_wrapper\"><div class=\"wpb_text_column\"><div class=\"wpb_wrapper\"><h1>POL\u00cdTICA DE COOKIES<\/h1>\n<p>La Mancomunidad de Euskera de Bortziriak como editor y responsable de este sitio web desea informarle que esta p\u00e1gina web emplea cookies anal\u00edticas de terceros, concretamente de Google, para la elaborazi\u00f3n de perfiles basados en h\u00e1bitos de navegaci\u00f3n del usuario, publicitarias para mostrarle la ubicaci\u00f3n de nuestras oficinas, as\u00ed como para ofrecerle la reproducci\u00f3n de nuestras publicaciones. Debes saber que compartimos la informaci\u00f3n sobre el uso que haces de nuestra web con Google, quien puede combinarla con otra informaci\u00f3n que le hayas proporcionado o que haya recopilado a partir del uso que hayas hecho de sus servicios.<\/p>\n<h2>\u00bfQU\u00c9 SON LAS COOKIES?<\/h2>\n<p>Las cookies son unos archivos de texto que se alojan en el terminal de la persona usuaria visitante con cierta informaci\u00f3n de la visita a la p\u00e1gina.<\/p>\n<p>Las cookies permiten que las webs recuerden, ya sea durante una visita o durante varias visitas y almacenen informaci\u00f3n sobre tus preferencias para ofrecerte una experiencia personalizada, m\u00e1s f\u00e1cil y m\u00e1s r\u00e1pida. Solamente el servidor que la instal\u00f3 podr\u00e1 leer su contenido, que, por otra parte, ser\u00e1 an\u00f3nimo.<\/p>\n<h2>DESACTIVACI\u00d3N DE LAS COOKIES<\/h2>\n<p>A continuaci\u00f3n, te facilitamos los enlaces con la informaci\u00f3n necesaria para desactivar las cookies de los navegadores m\u00e1s utilizados:<\/p>\n<ul>\n<li><a href=\"https:\/\/support.microsoft.com\/es-es\/windows\/administrar-cookies-en-microsoft-edge-ver-permitir-bloquear-eliminar-y-usar-168dab11-0753-043d-7c16-ede5947fc64d\" target=\"_blank\" rel=\"noopener\">Internet Explorer<\/a><\/li>\n<li><a href=\"https:\/\/support.google.com\/chrome\/answer\/95647?hl=es\" target=\"_blank\" rel=\"noopener\">Google Chrome<\/a><\/li>\n<li><a href=\"https:\/\/support.mozilla.org\/es\/kb\/habilitar-y-deshabilitar-cookies-sitios-web-rastrear-preferencias?redirectlocale=es&amp;redirectslug=Habilitar+y+deshabilitar+cookies\" target=\"_blank\" rel=\"noopener\">Mozilla Firefox<\/a><\/li>\n<li><a href=\"https:\/\/support.apple.com\/es-es\/105082\" target=\"_blank\" rel=\"noopener\">Safari<\/a><\/li>\n<li><a href=\"https:\/\/support.apple.com\/es-es\/105082\" target=\"_blank\" rel=\"noopener\">IOS<\/a><\/li>\n<li><a href=\"https:\/\/support.google.com\/accounts\/answer\/32050?hl=es&amp;co=GENIE.Platform%3DAndroid\" target=\"_blank\" rel=\"noopener\">Android<\/a><\/li>\n<li>Blackberry<\/li>\n<li>Windows Phone<\/li>\n<\/ul>\n<p>En el caso de que el usuario restrinja o bloquee alguna o todas de las cookies del presente sitio web, es posible que algunas de las funcionalidades o servicios prestados de la p\u00e1gina no est\u00e9n disponibles.<\/p>\n<h2>NAVEGACI\u00d3N EN MODO PRIVADO<\/h2>\n<p>Tambi\u00e9n existe la alternativa a la navegaci\u00f3n en modo privado. Este modo permite navegar a trav\u00e9s de las p\u00e1ginas de modo an\u00f3nimo. A continuaci\u00f3n, te indicamos los enlaces para activar el modo inc\u00f3gnito de los principales navegadores:<\/p>\n<ul>\n<li><a href=\"https:\/\/support.mozilla.org\/es\/kb\/navegacion-privada-Firefox-no-guardar-historial-navegacion\" target=\"_blank\" rel=\"noopener\">Firefox<\/a><\/li>\n<li><a href=\"https:\/\/support.google.com\/chrome\/answer\/95464?hl=es&amp;co=GENIE.Platform%3DDesktop\" target=\"_blank\" rel=\"noopener\">Google Chrome<\/a><\/li>\n<li><a href=\"https:\/\/support.microsoft.com\/es-es\/microsoft-edge\/explorar-con-inprivate-en-microsoft-edge-cd2c9a48-0bc4-b98e-5e46-ac40c84e27e2\" target=\"_blank\" rel=\"noopener\">Internet Explorer<\/a><\/li>\n<\/ul>\n<h2>ENLACES A OTRAS P\u00c1GINAS<\/h2>\n<p>Cuando enlazas con noticias o v\u00eddeos externos a nuestra web, la p\u00e1gina enlazada puede contener otras cookies y deber\u00e1s visitar su propia pol\u00edtica de cookies para ajustar la configuraci\u00f3n, ya que son completamente ajenas a nosotros.<\/p>\n<h2>COOKIES DEL SITIO WEB<\/h2>\n<h3><strong>1. COOKIES NECESARIAS<\/strong><\/h3>\n<p>Las cookies necesarias ayudan a hacer una p\u00e1gina web utilizable activando funciones b\u00e1sicas como la navegaci\u00f3n en la p\u00e1gina y el acceso a \u00e1reas seguras de la p\u00e1gina web. La p\u00e1gina web no puede funcionar adecuadamente sin estas cookies.<\/p>\n<h3><strong>2. COOKIES ANAL\u00cdTICAS<\/strong><\/h3>\n<p>Le informamos que empleamos cookies de an\u00e1lisis. La aplicaci\u00f3n que utilizamos para obtener y analizar la informaci\u00f3n de la navegaci\u00f3n es: <em>Google Analytics:<\/em> www.google.com\/analytics\/ y <em>https:\/\/developers.google.com\/analytics\/devguides\/collection\/anayticsjs\/cookie-usage<\/em> que es un servicio prestado por Google Inc., una compa\u00f1\u00eda de Delaware cuya oficina principal est\u00e1 en 1600 Amphitheatre Parkway, Mountain View (California), CA 94043, Estados Unidos (\u00abGoogle\u00bb).<\/p>\n<p>Estas cookies son servidas por Google como consecuencia de la utilizaci\u00f3n por parte del titular de la p\u00e1gina del servicio \u00abGoogle Analytics\u00bb. Este servicio recoge diversa informaci\u00f3n sobre la navegaci\u00f3n, como, por ejemplo, ubicaci\u00f3n del visitante, detalles de la visita realizada (tiempo, p\u00e1ginas servidas, etc.). Aparte de la posibilidad por el navegador de bloquear las cookies, el usuario puede utilizar este complemento facilitado por la propia Google para inhabilitar el servicio de Google Analytics en su visita.<\/p>\n<h3><strong>3. GOOKIES PUBLICITARIAS<\/strong><\/h3>\n<p>Adem\u00e1s de estas cookies empleamos cookies publicitarias de Google instaladas por la aplicaci\u00f3n Google Maps\u00ae, con la que se permite visualizar la ubicaci\u00f3n geogr\u00e1fica de nuestras sedes. Cuando usted accede a la pesta\u00f1a de \u00abContacto\u00bb de nuestra web, Google le instala este tipo de cookies. Google utiliza cookies, como NID, SNID, OGPC o DV, para poder personalizar los anuncios que se muestran en los servicios de Google. Google utiliza esas cookies, por ejemplo, para recordarle sus b\u00fasquedas m\u00e1s recientes, sus interacciones anteriores con los resultados de b\u00fasqueda o con la publicidad de un anunciante y sus visitas al sitio web de un anunciante. De este modo, Google puede mostrarle anuncios personalizados. Estas cookies son enteramente gestionadas por Google. La informaci\u00f3n sobre su uso en nuestro sitio web, incluyendo su direcci\u00f3n IP, puede ser transmitida a Google y almacenada en sus servidores, si bien, ello no le identifica personalmente a menos que usted haya iniciado sesi\u00f3n en Google, en cuyo caso est\u00e1 vinculado a su cuenta de Google. Si usted no desea que los datos sobre su sesi\u00f3n sean recopilados por este sitio web, modifique las opciones de seguridad y privacidad de su navegador, como indicamos m\u00e1s adelante en el apartado 4 de la presente pol\u00edtica de cookies.<\/p>\n<h3><strong>4. REDES SOCIALES<\/strong><\/h3>\n<p>Las redes sociales con las que interactuamos en nuestra web utilizan cookies en sus botones para compartir. No tenemos ninguna intervenci\u00f3n, control o reporte de resultados, son responsabilidad de cada red social. Cuando la persona usuaria se registra en un servicio con credenciales de una red social, autoriza a la red social a guardar una cookie persistente que recuerda su identidad y le garantiza acceso a los servicios hasta que expira.<\/p>\n<p>La persona usuaria puede borrar esta cookie y revocar el acceso a los servicios mediante redes sociales actualizando sus preferencias en la red social que especifica.<\/p>\n<p>Puedes obtener m\u00e1s informaci\u00f3n en los siguientes enlaces:<\/p>\n<ul>\n<li><a href=\"https:\/\/es-es.facebook.com\/privacy\/policies\/cookies\/?entry_point=cookie_policy_redirect&amp;entry=0\" target=\"_blank\" rel=\"noopener\">Facebook<\/a><\/li>\n<li><a href=\"https:\/\/help.twitter.com\/en\/rules-and-policies\/x-cookies\" target=\"_blank\" rel=\"noopener\">Twitter<\/a><\/li>\n<li><a href=\"https:\/\/www.linkedin.com\/legal\/cookie-policy\" target=\"_blank\" rel=\"noopener\">Linkedin<\/a><\/li>\n<li><a href=\"https:\/\/policies.google.com\/privacy?hl=es\" target=\"_blank\" rel=\"noopener\">Google +<\/a><\/li>\n<li><a href=\"https:\/\/support.google.com\/youtube\/answer\/7671399?p=privacy_guidelines&amp;hl=es&amp;visit_id=637194316523600127-1485570861&amp;rd=1\" target=\"_blank\" rel=\"noopener\">Youtube<\/a><\/li>\n<\/ul>\n<p>\n<table id=\"tablepress-30\" class=\"tablepress tablepress-id-30\">\n<thead>\n<tr class=\"row-1\">\n\t<th class=\"column-1\">NOMBRE DE LA COOKIE<\/th><th class=\"column-2\">TIPO<\/th><th class=\"column-3\">DESCRIPCI\u00d3N<\/th><th class=\"column-4\">CADUCIDAD<\/th>\n<\/tr>\n<\/thead>\n<tbody class=\"row-striping row-hover\">\n<tr class=\"row-2\">\n\t<td class=\"column-1\">wp-wpml current language<\/td><td class=\"column-2\">Funcional<\/td><td class=\"column-3\">Cookie del Plugin WPML para almacenar la configuraci\u00f3n de lenguajes<\/td><td class=\"column-4\">1 d\u00eda<\/td>\n<\/tr>\n<\/tbody>\n<\/table>\n<!-- #tablepress-30 from cache --><br \/>\n        <div id=\"cookie-button\">\n            <cookie-button><\/cookie-button>\n        <\/div>\n<\/div><\/div><\/div><\/div><\/div><\/div><\/div><\/section>\n","protected":false},"excerpt":{"rendered":"POL\u00cdTICA DE COOKIES La Mancomunidad de Euskera de Bortziriak como editor y responsable de este sitio web desea informarle que esta p\u00e1gina web emplea cookies anal\u00edticas de terceros, concretamente de Google, para la elaborazi\u00f3n de perfiles basados en h\u00e1bitos de navegaci\u00f3n del usuario, publicitarias para mostrarle la ubicaci\u00f3n de nuestras oficinas, as\u00ed como para ofrecerle...","protected":false},"author":4,"featured_media":0,"parent":0,"menu_order":0,"comment_status":"closed","ping_status":"closed","template":"","meta":{"_acf_changed":false,"footnotes":""},"class_list":["post-5905","page","type-page","status-publish","hentry"],"acf":[],"_links":{"self":[{"href":"https:\/\/bortziriak.eus\/es\/wp-json\/wp\/v2\/pages\/5905","targetHints":{"allow":["GET"]}}],"collection":[{"href":"https:\/\/bortziriak.eus\/es\/wp-json\/wp\/v2\/pages"}],"about":[{"href":"https:\/\/bortziriak.eus\/es\/wp-json\/wp\/v2\/types\/page"}],"author":[{"embeddable":true,"href":"https:\/\/bortziriak.eus\/es\/wp-json\/wp\/v2\/users\/4"}],"replies":[{"embeddable":true,"href":"https:\/\/bortziriak.eus\/es\/wp-json\/wp\/v2\/comments?post=5905"}],"version-history":[{"count":11,"href":"https:\/\/bortziriak.eus\/es\/wp-json\/wp\/v2\/pages\/5905\/revisions"}],"predecessor-version":[{"id":8024,"href":"https:\/\/bortziriak.eus\/es\/wp-json\/wp\/v2\/pages\/5905\/revisions\/8024"}],"wp:attachment":[{"href":"https:\/\/bortziriak.eus\/es\/wp-json\/wp\/v2\/media?parent=5905"}],"curies":[{"name":"wp","href":"https:\/\/api.w.org\/{rel}","templated":true}]}}