{"id":5912,"date":"2023-03-09T08:56:36","date_gmt":"2023-03-09T06:56:36","guid":{"rendered":"https:\/\/bortziriak.eus\/?page_id=5912"},"modified":"2024-05-10T11:34:31","modified_gmt":"2024-05-10T09:34:31","slug":"lege-oharra","status":"publish","type":"page","link":"https:\/\/bortziriak.eus\/es\/lege-oharra\/","title":{"rendered":"Aviso legal"},"content":{"rendered":"<section class=\"l-section wpb_row us_custom_19c2e99c height_auto\"><div class=\"l-section-h i-cf\"><div class=\"g-cols vc_row via_flex valign_top type_default stacking_default\"><div class=\"vc_col-sm-12 wpb_column vc_column_container\"><div class=\"vc_column-inner\"><div class=\"wpb_wrapper\"><div class=\"wpb_text_column\"><div class=\"wpb_wrapper\"><h1>AVISO LEGAL<\/h1>\n<h2><strong>DATOS IDENTIFICATIVOS DEL TITULAR<\/strong><\/h2>\n<p>De conformidad con lo dispuesto en el art\u00edculo 10 de la Ley 34\/2002, de 11 de julio, de Servicios de la Sociedad de la Informaci\u00f3n y de Comercio Electr\u00f3nico, se informa al usuario de que el titular del presente sitio web es:<\/p>\n<p><strong>Responsable de tratamiento de los datos<\/strong><\/p>\n<ul>\n<li><strong>Identidad:<\/strong> Mancomunidad de Euskera de Bortziriak \/ Bortzirietako Euskara Mankomunitatea<\/li>\n<li><strong>Direcci\u00f3n postal: <\/strong>Herriko Plaza 7, 31790 Arantza<\/li>\n<li><strong>Tel\u00e9fono: <\/strong>948 634 125<\/li>\n<li><strong>Correo electr\u00f3nico: <\/strong>euskara@bortziriak.eus<\/li>\n<\/ul>\n<h2><strong>CONTENIDO<\/strong><\/h2>\n<p>La Mancomunidad de Euskera de Bortziriak, presta especial atenci\u00f3n a que la informaci\u00f3n del sitio web sea exacta y precisa, procediendo a su actualizaci\u00f3n de forma peri\u00f3dica y corrigiendo los errores tan pronto como estos hayan sido detectados. Con todo, la Mancomunidad de Euskera de Bortziriak no puede garantizar que la informaci\u00f3n est\u00e9 actualizada y la inexistencia de errores en todo momento.<\/p>\n<p>La informaci\u00f3n publicada en este sitio web tiene \u00fanicamente car\u00e1cter informativo y no constituye una comunicaci\u00f3n de actos administrativos ni comunicados oficiales. Estos \u00faltimos ser\u00e1n notificados por los canales oficiales legalmente establecidos a tal efecto.<\/p>\n<p>No obstante lo anterior, en caso de que a trav\u00e9s del sitio web puedan generarse documentos electr\u00f3nicos en el seno de procedimientos administrativos tramitados a trav\u00e9s de este medio, total o parcialmente, \u00e9stos tendr\u00e1n car\u00e1cter de aut\u00e9nticos, y tendr\u00e1n el valor probatorio que les reconoce la legislaci\u00f3n vigente.<\/p>\n<h2><strong>LIMITACI\u00d3N DE RESPONSABILIDAD<\/strong><\/h2>\n<p>El usuario ser\u00e1 el \u00fanico responsable de las infracciones en que pueda incurrir o de los perjuicios que se puedan causar a terceros por la indebida e ileg\u00edtima utilizaci\u00f3n de este sitio web.<\/p>\n<p>La Mancomunidad de Euskera de Bortziriak no ser\u00e1 responsable de los posibles da\u00f1os o perjuicios que se pudieran derivar de interferencias, omisiones, interrupciones, virus inform\u00e1ticos, aver\u00edas telef\u00f3nicas o desconexiones en el funcionamiento operativo de este sistema electr\u00f3nico, motivadas por causas ajenas a la Mancomunidad de Euskera de Bortziriak, de retrasos o bloqueos en el uso del presente sistema electr\u00f3nico causados por deficiencias o sobrecargas de l\u00edneas telef\u00f3nicas, sobrecargas en el sistema de Internet o en otros sistemas electr\u00f3nicos.<\/p>\n<p>La Mancomunidad de Euskera de Bortziriak no garantiza la veracidad ni se responsabiliza de las consecuencias que pudieran derivarse de los errores en los contenidos proporcionados por terceros que pudieran aparecer en este sitio web.<\/p>\n<p>Igualmente, la Mancomunidad de Euskera de Bortziriak tampoco se responsabiliza de los contenidos, productos o servicios que puedan visualizarse mediante enlaces electr\u00f3nicos (links), directa o indirectamente, a trav\u00e9s de este Sitio Web. Estos enlaces no representan ning\u00fan tipo de relaci\u00f3n entre la Mancomunidad de Euskera de Bortziriak y los particulares o entidades titulares de las p\u00e1ginas a las que dan acceso. La Mancomunidad de Euskera de Bortziriak se reserva el derecho a retirar de modo unilateral y en cualquier momento los links que aparecen en su sitio web.<\/p>\n<p>La Mancomunidad de Euskera de Bortziriak se exime de responsabilidad en cuanto a las \u00abcookies\u00bb que terceros ajenos pudieran instalar en el disco duro del ordenador del usuario, as\u00ed como de los errores tipogr\u00e1ficos o inexactitudes que pudieran apreciarse en los contenidos de su sitio web.<\/p>\n<p>La informaci\u00f3n que la Mancomunidad de Euskera de Bortziriak proporcione en respuesta a cualquier consulta o petici\u00f3n de informaci\u00f3n solicitada por los medios establecidos a tal efecto (buzones de correo electr\u00f3nico, formularios de consulta, etc.) tiene car\u00e1cter meramente orientativo y en ning\u00fan caso resultar\u00e1 vinculante para la resoluci\u00f3n de los procedimientos administrativos, los cuales se hallan estrictamente sujetos a las normas legales o reglamentarias que les sean de aplicaci\u00f3n.<\/p>\n<h2><strong>PROPIEDAD INTELECTUAL<\/strong><\/h2>\n<p>El dise\u00f1o de este portal web y sus c\u00f3digos fuente, los logos, marcas, etc. pertenecen a la Mancomunidad de Euskera de Bortziriak, salvo expresa indicaci\u00f3n de titularidad diferente, y est\u00e1n protegidos por los correspondientes derechos de propiedad intelectual e industrial. Su uso, reproducci\u00f3n, distribuci\u00f3n, comunicaci\u00f3n p\u00fablica, transformaci\u00f3n o cualquier otra actividad similar o an\u00e1loga, queda totalmente prohibida salvo que medie autorizaci\u00f3n expresa de la Mancomunidad de Euskera de Bortziriak.<\/p>\n<p>Se autoriza a la reutilizaci\u00f3n de los documentos y\/o informaci\u00f3n de la Mancomunidad de Euskera de Bortziriak contenida en este sitio web, siempre que dichos contenidos permanezcan \u00edntegros y se cite la fuente de los mismos (Ley 37\/2007, de 16 de noviembre, sobre reutilizaci\u00f3n de la informaci\u00f3n del sector p\u00fablico). Queda prohibido su uso para incurrir en actividades il\u00edcitas. Esta autorizaci\u00f3n no es aplicable a los documentos sometidos a derechos de propiedad intelectual o industrial (como las patentes, los dise\u00f1os y las marcas registradas), especialmente por parte de terceros. El usuario se abstendr\u00e1 de realizar cualquier actividad que infrinja los derechos de propiedad intelectual e industrial de la Mancomunidad de Euskera de Bortziriak, as\u00ed como de los terceros que sean referidos en el presente sitio web.<\/p>\n<p>En todo caso, el r\u00e9gimen de reutilizaci\u00f3n est\u00e1 obligado a garantizar el pleno respeto de los principios que consagran la protecci\u00f3n de datos personales.<\/p>\n<h2><strong>SEGURIDAD<\/strong><\/h2>\n<p>Las medidas de seguridad adoptadas por la Mancomunidad de Euskera de Bortziriak son aquellas requeridas, de conformidad con lo establecido en el art\u00edculo 32 del RGPD. En este sentido, la Mancomunidad de Euskera de Bortziriak, teniendo en cuenta el estado de la t\u00e9cnica, los costes de aplicaci\u00f3n y la naturaleza, el alcance, el contexto y los fines del tratamiento, as\u00ed como los riesgos de probabilidad y gravedad variables para los derechos y las libertades de las personas f\u00edsicas, tiene establecidas las medidas t\u00e9cnicas y organizativas apropiadas para garantizar el nivel de seguridad adecuado al riesgo existente.<\/p>\n<p>En todo caso, la Mancomunidad de Euskera de Bortziriak tiene implementados los mecanismos suficientes para:<\/p>\n<ul>\n<li>Garantizar la confidencialidad, integridad, disponibilidad y resiliencia permanentes de los sistemas y servicios de tratamiento.<\/li>\n<li>Restaurar la disponibilidad y el acceso a los datos personales de forma r\u00e1pida, en caso de incidente f\u00edsico o t\u00e9cnico.<\/li>\n<li>Verificar, evaluar y valorar, de forma regular, la eficacia de las medidas t\u00e9cnicas y organizativas implantadas para garantizar la seguridad del tratamiento.<\/li>\n<li>Seudonimizar y cifrar los datos personales, en su caso.<\/li>\n<\/ul>\n<h2><strong>PLUGINS O COMPLEMENTOS DE REDES SOCIALES<\/strong><\/h2>\n<p>El presente sitio web integra plugins o complementos de redes sociales tales como Facebook, YouTube y Twitter. Respecto a dichos plugins, el usuario del sitio web deber\u00e1 tener en cuenta lo siguiente:<\/p>\n<ul>\n<li>Si est\u00e1 registrado como usuario en la red social y al visitar el sitio web tiene la sesi\u00f3n abierta en cualquiera de estas redes sociales, al hacer \u00abclick\u00bb en sus plugins, la red social recibir\u00e1 la informaci\u00f3n que le indica que ha visitado el Sitio. Adem\u00e1s, proporcionar\u00e1 informaci\u00f3n sobre su perfil de usuario en esa red social (nombre, email, foto, etc.).<\/li>\n<li>Si no est\u00e1 registrado en la red social, o no tiene la sesi\u00f3n abierta mientras visita el sitio web puede ser que la red social reciba y almacene al menos su direcci\u00f3n IP.<\/li>\n<\/ul>\n<p>Si no desea que una red social recopile los datos personales aqu\u00ed detallados, ni que los comparta con nosotros ni con terceros, consulte la pol\u00edtica de privacidad de la red social correspondiente y cierre sesi\u00f3n en la misma antes de visitar el sitio web.<\/p>\n<h2><strong>LEY APLICABLE Y JURISDICCI\u00d3N<\/strong><\/h2>\n<p>Para la resoluci\u00f3n de todas las controversias o cuestiones relacionadas con el presente sitio web o de las actividades en \u00e9l desarrolladas, ser\u00e1 de aplicaci\u00f3n la legislaci\u00f3n espa\u00f1ola, a la que se someten expresamente las partes, siendo competentes para la resoluci\u00f3n de todos los conflictos derivados o relacionados con su uso los Juzgados y Tribunales de Pamplona.<\/p>\n<h2><strong>PROTECCI\u00d3N DE DATOS<\/strong><\/h2>\n<p>Podr\u00e1 consultar nuestro aviso de Pol\u00edtica de Protecci\u00f3n de Datos en el <a href=\"https:\/\/bortziriak.eus\/es\/pribatutasun-politika\/\" target=\"_blank\" rel=\"noopener\">siguiente enlace<\/a>.<\/p>\n<h2><strong>INFORMACI\u00d3N SOBRE COOKIES<\/strong><\/h2>\n<p>Podr\u00e1 consultar la informaci\u00f3n sobre cookies en el siguiente <a href=\"https:\/\/bortziriak.eus\/es\/politica-de-cookies\/\" target=\"_blank\" rel=\"noopener\">enlace<\/a>.<\/p>\n<\/div><\/div><\/div><\/div><\/div><\/div><\/div><\/section>\n","protected":false},"excerpt":{"rendered":"AVISO LEGAL DATOS IDENTIFICATIVOS DEL TITULAR De conformidad con lo dispuesto en el art\u00edculo 10 de la Ley 34\/2002, de 11 de julio, de Servicios de la Sociedad de la Informaci\u00f3n y de Comercio Electr\u00f3nico, se informa al usuario de que el titular del presente sitio web es: Responsable de tratamiento de los datos Identidad:...","protected":false},"author":4,"featured_media":0,"parent":0,"menu_order":0,"comment_status":"closed","ping_status":"closed","template":"","meta":{"_acf_changed":false,"footnotes":""},"class_list":["post-5912","page","type-page","status-publish","hentry"],"acf":[],"_links":{"self":[{"href":"https:\/\/bortziriak.eus\/es\/wp-json\/wp\/v2\/pages\/5912","targetHints":{"allow":["GET"]}}],"collection":[{"href":"https:\/\/bortziriak.eus\/es\/wp-json\/wp\/v2\/pages"}],"about":[{"href":"https:\/\/bortziriak.eus\/es\/wp-json\/wp\/v2\/types\/page"}],"author":[{"embeddable":true,"href":"https:\/\/bortziriak.eus\/es\/wp-json\/wp\/v2\/users\/4"}],"replies":[{"embeddable":true,"href":"https:\/\/bortziriak.eus\/es\/wp-json\/wp\/v2\/comments?post=5912"}],"version-history":[{"count":4,"href":"https:\/\/bortziriak.eus\/es\/wp-json\/wp\/v2\/pages\/5912\/revisions"}],"predecessor-version":[{"id":7779,"href":"https:\/\/bortziriak.eus\/es\/wp-json\/wp\/v2\/pages\/5912\/revisions\/7779"}],"wp:attachment":[{"href":"https:\/\/bortziriak.eus\/es\/wp-json\/wp\/v2\/media?parent=5912"}],"curies":[{"name":"wp","href":"https:\/\/api.w.org\/{rel}","templated":true}]}}